{"id":1131,"date":"2026-03-14T07:31:57","date_gmt":"2026-03-14T07:31:57","guid":{"rendered":"https:\/\/makedamusic.fr\/chant\/about-us\/"},"modified":"2026-03-22T10:33:19","modified_gmt":"2026-03-22T09:33:19","slug":"a-propos","status":"publish","type":"page","link":"https:\/\/makedamusic.fr\/chant\/a-propos\/","title":{"rendered":"A propos"},"content":{"rendered":"\n<div class=\"wp-block-uagb-container uagb-block-ab37987b alignfull uagb-is-root-container\"><div class=\"uagb-container-inner-blocks-wrap\">\n<div class=\"wp-block-uagb-advanced-heading uagb-block-a65eb8a1\"><h1 class=\"uagb-heading-text\">Bienvenue Chez nous&nbsp;<\/h1><p class=\"uagb-desc-text\">Un collectif de pros de la voix et de la musique, r\u00e9unis autour d\u2019une id\u00e9e simple\u2026&nbsp;ta voix peut \u00e9voluer. Pas par magie \u2014 mais&nbsp;avec les bons outils, un cadre&nbsp;bienveillant, et&nbsp;du travail r\u00e9gulier&nbsp;(oui, m\u00eame quand la motivation fait un peu la gr\u00e8ve)<\/p><\/div>\n<\/div><\/div>\n\n\n\n<div style=\"height:100px\" aria-hidden=\"true\" class=\"wp-block-spacer\"><\/div>\n\n\n\n<div class=\"wp-block-uagb-advanced-heading uagb-block-6cf16311\"><h5 class=\"uagb-heading-text\">Notre exigence<\/h5><\/div>\n\n\n\n<div class=\"wp-block-uagb-advanced-heading uagb-block-6fe389bd\"><h2 class=\"uagb-heading-text\">Des r\u00e9sultats concrets,   pas des \u201csensations\u201d<\/h2><p class=\"uagb-desc-text\">Nous consid\u00e9rons la voix comme un tout : corps, respiration, mental, \u00e9coute, \u00e9nergie. Quand tout s\u2019aligne, la voix devient plus facile et plus vraie.<\/p><\/div>\n\n\n\n<div class=\"wp-block-uagb-container uagb-layout-grid uagb-block-fdf74db1 alignfull uagb-is-root-container\"><div class=\"uagb-container-inner-blocks-wrap\">\n<div data-aos= \"fade-right\" data-aos-duration=\"400\" data-aos-delay=\"0\" data-aos-easing=\"ease\" data-aos-once=\"true\" class=\"wp-block-uagb-info-box uagb-block-a807edf0 uagb-infobox__content-wrap  uagb-infobox-icon-above-title uagb-infobox-image-valign-top\"><div class=\"uagb-ifb-content\"><div class=\"uagb-ifb-title-wrap\"><h2 class=\"uagb-ifb-title\">Notre philosophie<\/h2><\/div><p class=\"uagb-ifb-desc\">Nous avons \u00ab compris \u00bb que tout peut s\u2019apprendre \u2014 \u00e0 condition d\u2019avoir les bons outils, un cadre encourageant et une motivation nourrie dans la dur\u00e9e. Ici, pas de recettes miracles : on avance avec m\u00e9thode, \u00e9coute, r\u00e9gularit\u00e9\u2026 et plaisir. Lyrique, Gospel, musiques actuelles\u2026 la voix n\u2019a pas de fronti\u00e8res. Vous pouvez explorer diff\u00e9rents univers avec le m\u00eame niveau d\u2019exigence, de professionnalisme et de l\u00e9gitimit\u00e9. Les anglophones le font depuis longtemps : pourquoi pas nous ?<\/p><div class=\"uagb-ifb-button-wrapper wp-block-button\"><a href=\"https:\/\/makedamusic.fr\/chant\/cours-de-chant\/\" class=\"uagb-infobox-cta-link wp-block-button__link\" target=\"_self\" rel=\"noopener noreferrer\" onclick=\"return true;\"><span class=\"uagb-inline-editing\">Nos cours de chant<\/span><svg xmlns=\"https:\/\/www.w3.org\/2000\/svg\" viewBox=\"0 0 512 512\"><path d=\"M502.6 278.6l-128 128c-12.51 12.51-32.76 12.49-45.25 0c-12.5-12.5-12.5-32.75 0-45.25L402.8 288H32C14.31 288 0 273.7 0 255.1S14.31 224 32 224h370.8l-73.38-73.38c-12.5-12.5-12.5-32.75 0-45.25s32.75-12.5 45.25 0l128 128C515.1 245.9 515.1 266.1 502.6 278.6z\"><\/path><\/svg><\/a><\/div><\/div><\/div>\n\n\n\n<div data-aos= \"fade-left\" data-aos-duration=\"400\" data-aos-delay=\"0\" data-aos-easing=\"ease\" data-aos-once=\"true\" class=\"wp-block-uagb-image uagb-block-347b9f00 wp-block-uagb-image--layout-default wp-block-uagb-image--effect-static wp-block-uagb-image--align-none\"><figure class=\"wp-block-uagb-image__figure\"><img loading=\"lazy\" decoding=\"async\"  sizes=\"auto, (max-width: 480px) 150px\" src=\"https:\/\/makedamusic.fr\/chant\/wp-content\/uploads\/2026\/03\/hannah-busing-Zyx1bK9mqmA-unsplash-768x512.jpg.webp\" alt=\"\" width=\"640\" height=\"445\" title=\"\" loading=\"lazy\" role=\"img\"\/><\/figure><\/div>\n<\/div><\/div>\n\n\n\n<div class=\"wp-block-group alignfull has-ast-global-color-7-background-color has-background is-layout-flow wp-block-group-is-layout-flow\">\n<div style=\"height:70px\" aria-hidden=\"true\" class=\"wp-block-spacer\"><\/div>\n\n\n\n<div class=\"wp-block-columns alignwide are-vertically-aligned-center is-layout-flex wp-container-core-columns-is-layout-28f84493 wp-block-columns-is-layout-flex\">\n<div class=\"wp-block-column is-layout-flow wp-block-column-is-layout-flow\" style=\"flex-basis:50%\">\n<p class=\"has-text-align-center has-text-color\" style=\"color:#000000;font-size:30px;line-height:1.1\"><strong>Une mani\u00e8re de travailler en \u00e9quipe<\/strong><\/p>\n<\/div>\n\n\n\n<div class=\"wp-block-column is-layout-flow wp-block-column-is-layout-flow\" style=\"padding-top:0;padding-bottom:0;flex-basis:50%\">\n<hr class=\"wp-block-separator has-text-color has-css-opacity has-background is-style-wide\" style=\"background-color:#000000;color:#000000\"\/>\n<\/div>\n<\/div>\n\n\n\n<div class=\"wp-block-columns alignwide has-ast-global-color-7-background-color has-background is-layout-flex wp-container-core-columns-is-layout-7abde1fe wp-block-columns-is-layout-flex\" style=\"padding-top:var(--wp--preset--spacing--40);padding-bottom:var(--wp--preset--spacing--40)\">\n<div class=\"wp-block-column is-layout-flow wp-block-column-is-layout-flow\"><\/div>\n\n\n\n<div class=\"wp-block-column has-ast-global-color-7-background-color has-background is-layout-flow wp-block-column-is-layout-flow\">\n<p class=\"has-text-color has-extra-small-font-size\" style=\"color:#000000\">Nous collaborons de mani\u00e8re privil\u00e9gi\u00e9e entre membres du r\u00e9seau, notamment autour de nos \u00e9l\u00e8ves, patients et clients. Selon votre demande, nous pouvons croiser nos regards et orienter votre parcours : technique vocale, interpr\u00e9tation, pr\u00e9paration sc\u00e9nique, r\u00e9\u00e9ducation ou pr\u00e9vention, travail en ch\u0153ur, style sp\u00e9cifique\u2026 <\/p>\n\n\n\n<p class=\"has-text-color has-extra-small-font-size\" style=\"color:#000000\">L\u2019objectif reste le m\u00eame : vous faire avancer avec justesse et s\u00e9curit\u00e9, au bon rythme.<br><\/p>\n<\/div>\n\n\n\n<div class=\"wp-block-column has-ast-global-color-7-background-color has-background is-layout-flow wp-block-column-is-layout-flow\">\n<p class=\"has-text-color has-extra-small-font-size\" style=\"color:#000000\">Nous avons \u00ab compris \u00bb que tout peut s\u2019apprendre \u2014 \u00e0 condition d\u2019avoir les bons outils, un cadre encourageant et une motivation nourrie dans la dur\u00e9e. Ici, pas de recettes miracles : on avance avec m\u00e9thode, \u00e9coute, r\u00e9gularit\u00e9\u2026 et plaisir. <\/p>\n\n\n\n<p class=\"has-text-color has-extra-small-font-size\" style=\"color:#000000\">Lyrique, Gospel, musiques actuelles\u2026 la voix n\u2019a pas de fronti\u00e8res. Vous pouvez explorer diff\u00e9rents univers avec le m\u00eame niveau d\u2019exigence, de professionnalisme et de l\u00e9gitimit\u00e9. Les anglophones le font depuis longtemps : pourquoi pas nous ?<\/p>\n<\/div>\n<\/div>\n\n\n\n<div style=\"height:40px\" aria-hidden=\"true\" class=\"wp-block-spacer\"><\/div>\n<\/div>\n\n\n\n<div style=\"height:100px\" aria-hidden=\"true\" class=\"wp-block-spacer\"><\/div>\n\n\n\n<figure class=\"wp-block-image aligncenter is-style-rounded\"><img decoding=\"async\" src=\"https:\/\/makedamusic.fr\/chant\/wp-content\/uploads\/2026\/02\/033822-150x150.jpeg.webp\" alt=\"Chanteuse interpr\u00e9tant un morceau au micro lors d\u2019une performance musicale\" style=\"box-shadow:var(--wp--preset--shadow--natural)\"\/><\/figure>\n\n\n\n<blockquote class=\"wp-block-quote is-style-default is-layout-flow wp-container-core-quote-is-layout-10cf3932 wp-block-quote-is-layout-flow\" style=\"margin-top:0;margin-bottom:0;padding-top:0;padding-bottom:0\">\n<p class=\"has-text-align-center has-medium-font-size\">\u00a0\u00bb Lib\u00e9rez pleinement votre voix gr\u00e2ce \u00e0 un accompagnement exigeant, bienveillant et enti\u00e8rement personnalis\u00e9 pour r\u00e9v\u00e9ler tout votre potentiel. \u00ab\u00a0<\/p>\n<\/blockquote>\n\n\n\n<p class=\"has-text-align-center has-medium-font-size\">Fran Appletree<\/p>\n\n\n\n<p class=\"has-text-align-center has-small-font-size\">Directrice artistique Makeda music<\/p>\n\n\n\n<div style=\"height:100px\" aria-hidden=\"true\" class=\"wp-block-spacer\"><\/div>\n\n\n\n<div class=\"wp-block-group alignfull has-ast-global-color-7-background-color has-text-color has-background is-layout-flow wp-block-group-is-layout-flow\" style=\"color:#000000\">\n<div style=\"height:64px\" aria-hidden=\"true\" class=\"wp-block-spacer\"><\/div>\n\n\n\n<p class=\"has-text-align-center has-ast-global-color-1-color has-text-color has-link-color has-small-font-size wp-elements-2603dfe3022853e52a4668778f0c62de\" style=\"line-height:.9\"><strong>Lance-toi<\/strong><\/p>\n\n\n\n<h2 class=\"wp-block-heading has-text-align-center\" id=\"schedule-a-visit\" style=\"font-size:59px;line-height:1.15\"><strong>Ta voix, ton pouvoir<\/strong><\/h2>\n\n\n\n<p class=\"has-text-align-center has-text-color has-extra-small-font-size\" style=\"color:#000000\">On d\u00e9bloque, on construit, on fait briller. Avec passion, m\u00e9thode, et des r\u00e9sultats qui s\u2019entendent. Ensemble, nous ouvrons la voie vers de nouvelles r\u00e9ussites.<\/p>\n\n\n\n<div class=\"wp-block-buttons is-horizontal is-content-justification-center is-layout-flex wp-container-core-buttons-is-layout-cbda912e wp-block-buttons-is-layout-flex\">\n<div class=\"wp-block-button is-style-outline is-style-outline--1\"><a class=\"wp-block-button__link has-ast-global-color-5-color has-ast-global-color-0-background-color has-text-color has-background has-link-color wp-element-button\" href=\"https:\/\/makedamusic.fr\/chant\/contact#form\" style=\"border-top-left-radius:5px;border-top-right-radius:5px;border-bottom-left-radius:5px;border-bottom-right-radius:5px;box-shadow:var(--wp--preset--shadow--deep)\">Commence maintenant<\/a><\/div>\n<\/div>\n\n\n\n<div style=\"height:64px\" aria-hidden=\"true\" class=\"wp-block-spacer\"><\/div>\n<\/div>\n\n\n\n<p><\/p>\n","protected":false},"excerpt":{"rendered":"<p>Bienvenue Chez nous&nbsp; Un collectif de pros de la voix et de la musique, r\u00e9unis autour d\u2019une id\u00e9e simple\u2026&nbsp;ta voix peut \u00e9voluer. Pas par magie \u2014 mais&nbsp;avec les bons outils, un cadre&nbsp;bienveillant, et&nbsp;du travail r\u00e9gulier&nbsp;(oui, m\u00eame quand la motivation fait un peu la gr\u00e8ve) Notre exigence Des r\u00e9sultats concrets, pas des \u201csensations\u201d Nous consid\u00e9rons la [&hellip;]<\/p>\n","protected":false},"author":1,"featured_media":0,"parent":0,"menu_order":0,"comment_status":"closed","ping_status":"closed","template":"","meta":{"pmpro_default_level":"","_uag_custom_page_level_css":"","site-sidebar-layout":"default","site-content-layout":"plain-container","ast-site-content-layout":"normal-width-container","site-content-style":"unboxed","site-sidebar-style":"unboxed","ast-global-header-display":"","ast-banner-title-visibility":"","ast-main-header-display":"","ast-hfb-above-header-display":"","ast-hfb-below-header-display":"","ast-hfb-mobile-header-display":"","site-post-title":"disabled","ast-breadcrumbs-content":"","ast-featured-img":"","footer-sml-layout":"","ast-disable-related-posts":"","theme-transparent-header-meta":"enabled","adv-header-id-meta":"","stick-header-meta":"","header-above-stick-meta":"","header-main-stick-meta":"","header-below-stick-meta":"","astra-migrate-meta-layouts":"set","ast-page-background-enabled":"default","ast-page-background-meta":{"desktop":{"background-color":"","background-image":"","background-repeat":"repeat","background-position":"center center","background-size":"auto","background-attachment":"scroll","background-type":"","background-media":"","overlay-type":"","overlay-color":"","overlay-opacity":"","overlay-gradient":""},"tablet":{"background-color":"","background-image":"","background-repeat":"repeat","background-position":"center center","background-size":"auto","background-attachment":"scroll","background-type":"","background-media":"","overlay-type":"","overlay-color":"","overlay-opacity":"","overlay-gradient":""},"mobile":{"background-color":"","background-image":"","background-repeat":"repeat","background-position":"center center","background-size":"auto","background-attachment":"scroll","background-type":"","background-media":"","overlay-type":"","overlay-color":"","overlay-opacity":"","overlay-gradient":""}},"ast-content-background-meta":{"desktop":{"background-color":"var(--ast-global-color-4)","background-image":"","background-repeat":"repeat","background-position":"center center","background-size":"auto","background-attachment":"scroll","background-type":"","background-media":"","overlay-type":"","overlay-color":"","overlay-opacity":"","overlay-gradient":""},"tablet":{"background-color":"var(--ast-global-color-4)","background-image":"","background-repeat":"repeat","background-position":"center center","background-size":"auto","background-attachment":"scroll","background-type":"","background-media":"","overlay-type":"","overlay-color":"","overlay-opacity":"","overlay-gradient":""},"mobile":{"background-color":"var(--ast-global-color-4)","background-image":"","background-repeat":"repeat","background-position":"center center","background-size":"auto","background-attachment":"scroll","background-type":"","background-media":"","overlay-type":"","overlay-color":"","overlay-opacity":"","overlay-gradient":""}},"footnotes":""},"class_list":["post-1131","page","type-page","status-publish","hentry","pmpro-has-access"],"aioseo_notices":[],"_hostinger_reach_plugin_has_subscription_block":false,"_hostinger_reach_plugin_is_elementor":false,"uagb_featured_image_src":{"full":false,"thumbnail":false,"medium":false,"medium_large":false,"large":false,"1536x1536":false,"2048x2048":false},"uagb_author_info":{"display_name":"Makeda_Chant","author_link":"https:\/\/makedamusic.fr\/chant\/author\/contactmakedamusic-fr\/"},"uagb_comment_info":0,"uagb_excerpt":"Bienvenue Chez nous&nbsp; Un collectif de pros de la voix et de la musique, r\u00e9unis autour d\u2019une id\u00e9e simple\u2026&nbsp;ta voix peut \u00e9voluer. Pas par magie \u2014 mais&nbsp;avec les bons outils, un cadre&nbsp;bienveillant, et&nbsp;du travail r\u00e9gulier&nbsp;(oui, m\u00eame quand la motivation fait un peu la gr\u00e8ve) Notre exigence Des r\u00e9sultats concrets, pas des \u201csensations\u201d Nous consid\u00e9rons la\u2026","_links":{"self":[{"href":"https:\/\/makedamusic.fr\/chant\/wp-json\/wp\/v2\/pages\/1131","targetHints":{"allow":["GET"]}}],"collection":[{"href":"https:\/\/makedamusic.fr\/chant\/wp-json\/wp\/v2\/pages"}],"about":[{"href":"https:\/\/makedamusic.fr\/chant\/wp-json\/wp\/v2\/types\/page"}],"author":[{"embeddable":true,"href":"https:\/\/makedamusic.fr\/chant\/wp-json\/wp\/v2\/users\/1"}],"replies":[{"embeddable":true,"href":"https:\/\/makedamusic.fr\/chant\/wp-json\/wp\/v2\/comments?post=1131"}],"version-history":[{"count":0,"href":"https:\/\/makedamusic.fr\/chant\/wp-json\/wp\/v2\/pages\/1131\/revisions"}],"wp:attachment":[{"href":"https:\/\/makedamusic.fr\/chant\/wp-json\/wp\/v2\/media?parent=1131"}],"curies":[{"name":"wp","href":"https:\/\/api.w.org\/{rel}","templated":true}]}}