{"id":1134,"date":"2026-03-14T07:31:57","date_gmt":"2026-03-14T07:31:57","guid":{"rendered":"https:\/\/makedamusic.fr\/chant\/pricing\/"},"modified":"2026-03-22T10:31:16","modified_gmt":"2026-03-22T09:31:16","slug":"coaching-vocal","status":"publish","type":"page","link":"https:\/\/makedamusic.fr\/chant\/coaching-vocal\/","title":{"rendered":"Coaching vocal personnalis\u00e9"},"content":{"rendered":"\n<div class=\"wp-block-uagb-container uagb-block-cfdb653f alignfull uagb-is-root-container\"><div class=\"uagb-container-inner-blocks-wrap\">\n<div class=\"wp-block-uagb-advanced-heading uagb-block-a74d59e1\"><h1 class=\"uagb-heading-text\"><strong>Coaching Vocal<\/strong><\/h1><p class=\"uagb-desc-text\">D\u00e9couvrez un coaching vocal personnalis\u00e9 et de haute qualit\u00e9, con\u00e7u pour r\u00e9v\u00e9ler la meilleure version de votre voix. Chaque s\u00e9ance vous guide avec pr\u00e9cision, alliant technique, confiance et plaisir de chanter.<\/p><\/div>\n<\/div><\/div>\n\n\n\n<div class=\"wp-block-uagb-container uagb-block-4f994b89 alignfull uagb-is-root-container\"><div class=\"uagb-container-inner-blocks-wrap\">\n<div class=\"wp-block-uagb-info-box uagb-block-53f122fc uagb-infobox__content-wrap  uagb-infobox-icon-above-title uagb-infobox-image-valign-top\"><div class=\"uagb-ifb-content\"><div class=\"uagb-ifb-title-wrap\"><h2 class=\"uagb-ifb-title\">D\u00e9voilez la source de votre talent <\/h2><\/div><p class=\"uagb-ifb-desc\">En comprenant la source de votre talent, vous pouvez d\u00e9velopper vos comp\u00e9tences artistiques et progresser rapidement.&nbsp; Cette compr\u00e9hension vous permettra d\u2019identifier vos points forts et vos points faibles, et de vous concentrer sur les domaines qui vous permettront d\u2019atteindre vos objectifs artistiques.&nbsp; Ainsi, vous pourrez optimiser votre apprentissage et devenir meilleur en peu de temps.<\/p><\/div><\/div>\n\n\n\n<div class=\"wp-block-uagb-container uagb-layout-grid uagb-block-00c2e1cb\">\n<div data-aos= \"fade-right\" data-aos-duration=\"400\" data-aos-delay=\"0\" data-aos-easing=\"ease\" data-aos-once=\"true\" class=\"wp-block-uagb-image alignleft uagb-block-060aef23 wp-block-uagb-image--layout-default wp-block-uagb-image--effect-static wp-block-uagb-image--align-left\"><figure class=\"wp-block-uagb-image__figure\"><img loading=\"lazy\" decoding=\"async\"  sizes=\"auto, (max-width: 480px) 150px\" src=\"https:\/\/makedamusic.fr\/chant\/wp-content\/uploads\/2026\/03\/lt-ngema-V6P2spRxPHo-unsplash-768x512.jpg.webp\" alt=\"\" width=\"536\" height=\"603\" title=\"facilites\" loading=\"lazy\" role=\"img\"\/><\/figure><\/div>\n\n\n\n<div data-aos= \"fade-left\" data-aos-duration=\"400\" data-aos-delay=\"0\" data-aos-easing=\"ease\" data-aos-once=\"true\" class=\"wp-block-uagb-container uagb-block-8594e9e3\">\n<div class=\"wp-block-uagb-advanced-heading uagb-block-bf95692d\"><h3 class=\"uagb-heading-text\">Coaching solo<\/h3><\/div>\n\n\n\n<div class=\"wp-block-uagb-advanced-heading uagb-block-4d325a3e\"><p class=\"uagb-desc-text\">Lors de notre premier rendez-vous de coaching vocal, nous plongerons dans votre bilan vocal, un v\u00e9ritable diagnostic de l\u2019utilisation de votre appareil phonatoire.&nbsp;<br>Ensemble, nous explorerons les bases essentielles, comme la posture, la gestion du souffle, l\u2019appoggio-sostegno, le twang et la voix mixte, avant de nous aventurer vers des techniques plus avanc\u00e9es.&nbsp; Nous travaillerons sur l\u2019interpr\u00e9tation, la recherche et l\u2019affirmation de votre identit\u00e9 vocale, de votre registre unique.&nbsp;&nbsp;<br>Si n\u00e9cessaire, nous aborderons \u00e9galement la gestion du micro.&nbsp;<br>Votre parcours sera enti\u00e8rement personnalis\u00e9, adapt\u00e9 \u00e0 votre r\u00e9pertoire, \u00e0 vos besoins, \u00e0 vos attentes et \u00e0 vos envies.<\/p><\/div>\n\n\n\n<div class=\"wp-block-uagb-icon-list uagb-block-b8cf96dd\"><div class=\"uagb-icon-list__wrap\">\n<div class=\"wp-block-uagb-icon-list-child uagb-block-c42641d8\"><span class=\"uagb-icon-list__source-wrap\"><svg xmlns=\"https:\/\/www.w3.org\/2000\/svg\" viewBox=\"0 0 512 512\"><path d=\"M0 256C0 114.6 114.6 0 256 0C397.4 0 512 114.6 512 256C512 397.4 397.4 512 256 512C114.6 512 0 397.4 0 256zM371.8 211.8C382.7 200.9 382.7 183.1 371.8 172.2C360.9 161.3 343.1 161.3 332.2 172.2L224 280.4L179.8 236.2C168.9 225.3 151.1 225.3 140.2 236.2C129.3 247.1 129.3 264.9 140.2 275.8L204.2 339.8C215.1 350.7 232.9 350.7 243.8 339.8L371.8 211.8z\"><\/path><\/svg><\/span><span class=\"uagb-icon-list__label\"><strong>\u00c9valuation initiale<\/strong><\/span><\/div>\n\n\n\n<div class=\"wp-block-uagb-icon-list-child uagb-block-eb410c46\"><span class=\"uagb-icon-list__source-wrap\"><svg xmlns=\"https:\/\/www.w3.org\/2000\/svg\" viewBox=\"0 0 512 512\"><path d=\"M0 256C0 114.6 114.6 0 256 0C397.4 0 512 114.6 512 256C512 397.4 397.4 512 256 512C114.6 512 0 397.4 0 256zM371.8 211.8C382.7 200.9 382.7 183.1 371.8 172.2C360.9 161.3 343.1 161.3 332.2 172.2L224 280.4L179.8 236.2C168.9 225.3 151.1 225.3 140.2 236.2C129.3 247.1 129.3 264.9 140.2 275.8L204.2 339.8C215.1 350.7 232.9 350.7 243.8 339.8L371.8 211.8z\"><\/path><\/svg><\/span><span class=\"uagb-icon-list__label\"><strong>Techniques de base et avanc\u00e9es<\/strong><\/span><\/div>\n\n\n\n<div class=\"wp-block-uagb-icon-list-child uagb-block-179f9a82\"><span class=\"uagb-icon-list__source-wrap\"><svg xmlns=\"https:\/\/www.w3.org\/2000\/svg\" viewBox=\"0 0 512 512\"><path d=\"M0 256C0 114.6 114.6 0 256 0C397.4 0 512 114.6 512 256C512 397.4 397.4 512 256 512C114.6 512 0 397.4 0 256zM371.8 211.8C382.7 200.9 382.7 183.1 371.8 172.2C360.9 161.3 343.1 161.3 332.2 172.2L224 280.4L179.8 236.2C168.9 225.3 151.1 225.3 140.2 236.2C129.3 247.1 129.3 264.9 140.2 275.8L204.2 339.8C215.1 350.7 232.9 350.7 243.8 339.8L371.8 211.8z\"><\/path><\/svg><\/span><span class=\"uagb-icon-list__label\"><strong>Approche personnalis\u00e9e<\/strong><\/span><\/div>\n<\/div><\/div>\n<\/div>\n<\/div>\n\n\n\n<div style=\"height:50px\" aria-hidden=\"true\" class=\"wp-block-spacer\"><\/div>\n\n\n\n<div class=\"wp-block-uagb-container uagb-block-687cc974\">\n<div data-aos= \"fade-right\" data-aos-duration=\"400\" data-aos-delay=\"0\" data-aos-easing=\"ease\" data-aos-once=\"true\" class=\"wp-block-uagb-container uagb-block-8e728ccf\">\n<div class=\"wp-block-uagb-advanced-heading uagb-block-3e6e9a10\"><h3 class=\"uagb-heading-text\">Audition<\/h3><\/div>\n\n\n\n<div class=\"wp-block-uagb-advanced-heading uagb-block-0ef070e9\"><p class=\"uagb-desc-text\">Passer une audition, c\u2019est bien plus qu\u2019interpr\u00e9ter une chanson : c\u2019est savoir r\u00e9v\u00e9ler en quelques minutes toute la singularit\u00e9 de sa voix, de sa pr\u00e9sence et de son univers artistique. Que vous pr\u00e9pariez un casting, une entr\u00e9e en \u00e9cole, une audition de com\u00e9die musicale, de ch\u0153ur, de groupe ou un concours, cet accompagnement vous aide \u00e0 aborder cette \u00e9tape avec m\u00e9thode, confiance et impact.<br>Gr\u00e2ce \u00e0 un travail cibl\u00e9 sur la technique vocale, l\u2019interpr\u00e9tation, la gestion du stress, la posture et la pr\u00e9sence sc\u00e9nique, vous apprenez \u00e0 mettre en valeur vos points forts et \u00e0 d\u00e9fendre votre proposition artistique avec justesse. <br>L\u2019objectif n\u2019est pas seulement d\u2019\u00eatre pr\u00eat, mais d\u2019\u00eatre m\u00e9morable. En d\u00e9veloppant une voix ma\u00eetris\u00e9e, une interpr\u00e9tation habit\u00e9e et une pr\u00e9sence affirm\u00e9e, vous augmentez vos chances de convaincre le jury d\u00e8s les premi\u00e8res secondes. <\/p><\/div>\n\n\n\n<div class=\"wp-block-uagb-icon-list uagb-block-2c175323\"><div class=\"uagb-icon-list__wrap\">\n<div class=\"wp-block-uagb-icon-list-child uagb-block-bde76bbb\"><span class=\"uagb-icon-list__source-wrap\"><svg xmlns=\"https:\/\/www.w3.org\/2000\/svg\" viewBox=\"0 0 512 512\"><path d=\"M0 256C0 114.6 114.6 0 256 0C397.4 0 512 114.6 512 256C512 397.4 397.4 512 256 512C114.6 512 0 397.4 0 256zM371.8 211.8C382.7 200.9 382.7 183.1 371.8 172.2C360.9 161.3 343.1 161.3 332.2 172.2L224 280.4L179.8 236.2C168.9 225.3 151.1 225.3 140.2 236.2C129.3 247.1 129.3 264.9 140.2 275.8L204.2 339.8C215.1 350.7 232.9 350.7 243.8 339.8L371.8 211.8z\"><\/path><\/svg><\/span><span class=\"uagb-icon-list__label\"><strong><strong>Analysez votre potentiel<\/strong><\/strong><\/span><\/div>\n\n\n\n<div class=\"wp-block-uagb-icon-list-child uagb-block-cee71c1c\"><span class=\"uagb-icon-list__source-wrap\"><svg xmlns=\"https:\/\/www.w3.org\/2000\/svg\" viewBox=\"0 0 512 512\"><path d=\"M0 256C0 114.6 114.6 0 256 0C397.4 0 512 114.6 512 256C512 397.4 397.4 512 256 512C114.6 512 0 397.4 0 256zM371.8 211.8C382.7 200.9 382.7 183.1 371.8 172.2C360.9 161.3 343.1 161.3 332.2 172.2L224 280.4L179.8 236.2C168.9 225.3 151.1 225.3 140.2 236.2C129.3 247.1 129.3 264.9 140.2 275.8L204.2 339.8C215.1 350.7 232.9 350.7 243.8 339.8L371.8 211.8z\"><\/path><\/svg><\/span><span class=\"uagb-icon-list__label\"><strong>Pr\u00e9parez votre audition avec m\u00e9thode<\/strong><\/span><\/div>\n\n\n\n<div class=\"wp-block-uagb-icon-list-child uagb-block-cda35d0d\"><span class=\"uagb-icon-list__source-wrap\"><svg xmlns=\"https:\/\/www.w3.org\/2000\/svg\" viewBox=\"0 0 512 512\"><path d=\"M0 256C0 114.6 114.6 0 256 0C397.4 0 512 114.6 512 256C512 397.4 397.4 512 256 512C114.6 512 0 397.4 0 256zM371.8 211.8C382.7 200.9 382.7 183.1 371.8 172.2C360.9 161.3 343.1 161.3 332.2 172.2L224 280.4L179.8 236.2C168.9 225.3 151.1 225.3 140.2 236.2C129.3 247.1 129.3 264.9 140.2 275.8L204.2 339.8C215.1 350.7 232.9 350.7 243.8 339.8L371.8 211.8z\"><\/path><\/svg><\/span><span class=\"uagb-icon-list__label\"><strong>Travaillez votre voix, votre interpr\u00e9tation et votre pr\u00e9sence sc\u00e9nique<\/strong><\/span><\/div>\n<\/div><\/div>\n<\/div>\n\n\n\n<div data-aos= \"fade-left\" data-aos-duration=\"400\" data-aos-delay=\"0\" data-aos-easing=\"ease\" data-aos-once=\"true\" class=\"wp-block-uagb-image alignleft uagb-block-57ae0fb3 wp-block-uagb-image--layout-default wp-block-uagb-image--effect-static wp-block-uagb-image--align-left\"><figure class=\"wp-block-uagb-image__figure\"><img loading=\"lazy\" decoding=\"async\"  sizes=\"auto, (max-width: 480px) 150px\" src=\"https:\/\/makedamusic.fr\/chant\/wp-content\/uploads\/2026\/03\/abstral-official-R0_XqZ5x_AQ-unsplash-768x512.jpg.webp\" alt=\"\" width=\"536\" height=\"603\" title=\"\" loading=\"lazy\" role=\"img\"\/><\/figure><\/div>\n<\/div>\n<\/div><\/div>\n\n\n\n<div data-aos= \"fade\" data-aos-duration=\"400\" data-aos-delay=\"0\" data-aos-easing=\"ease\" data-aos-once=\"true\" class=\"wp-block-uagb-container uagb-block-19f0cfed alignfull uagb-is-root-container\"><div class=\"uagb-container-inner-blocks-wrap\">\n<div data-aos= \"zoom-in-up\" data-aos-duration=\"400\" data-aos-delay=\"0\" data-aos-easing=\"ease\" data-aos-once=\"true\" class=\"wp-block-uagb-container uag-blocks-common-selector uagb-block-be0c876b\">\n<div class=\"wp-block-uagb-image alignleft uagb-block-2b22bccb wp-block-uagb-image--layout-default wp-block-uagb-image--effect-static wp-block-uagb-image--align-left\"><figure class=\"wp-block-uagb-image__figure\"><img loading=\"lazy\" decoding=\"async\"  sizes=\"auto, (max-width: 480px) 150px\" src=\"https:\/\/makedamusic.fr\/chant\/wp-content\/uploads\/2026\/03\/virginia-portillo-6_2H1J5_MVc-unsplash-768x512.jpg.webp\" alt=\"\" width=\"360\" height=\"540\" title=\"furniture\" loading=\"lazy\" role=\"img\"\/><\/figure><\/div>\n<\/div>\n\n\n\n<div class=\"wp-block-uagb-container uagb-block-969e8306\">\n<div class=\"wp-block-uagb-info-box uagb-block-79aa06d0 uagb-infobox__content-wrap  uagb-infobox-icon-above-title uagb-infobox-image-valign-top wp-block-uagb-info-box--has-margin\"><div class=\"uagb-infobox-margin-wrapper\"><div class=\"uagb-ifb-content\"><div class=\"uagb-ifb-title-wrap\"><h3 class=\"uagb-ifb-title\">Pr\u00e9pare ta voix pour la sc\u00e8ne.<\/h3><\/div><p class=\"uagb-ifb-desc\">On travaille comme un\u00b7e pro : stabilit\u00e9, puissance, intention, pr\u00e9sence et gestion du stress. Pour que ta voix t\u2019ob\u00e9isse m\u00eame quand \u00e7a compte. Ensemble, nous transformons chaque d\u00e9fi en une occasion de briller.<\/p><div class=\"uagb-ifb-button-wrapper wp-block-button\"><a href=\"https:\/\/makedamusic.fr\/chant\/paiement-dadhesion\/?pmpro_level=1\" class=\"uagb-infobox-cta-link ast-outline-button\" target=\"_self\" rel=\"noopener noreferrer\" style=\"border-width:revert-layer\" onclick=\"return true;\"><svg xmlns=\"https:\/\/www.w3.org\/2000\/svg\" viewBox=\"0 0 512 512\"><path d=\"M502.6 278.6l-128 128c-12.51 12.51-32.76 12.49-45.25 0c-12.5-12.5-12.5-32.75 0-45.25L402.8 288H32C14.31 288 0 273.7 0 255.1S14.31 224 32 224h370.8l-73.38-73.38c-12.5-12.5-12.5-32.75 0-45.25s32.75-12.5 45.25 0l128 128C515.1 245.9 515.1 266.1 502.6 278.6z\"><\/path><\/svg><span class=\"uagb-inline-editing\">R\u00e9server mon coaching<\/span><\/a><\/div><\/div><\/div><\/div>\n<\/div>\n<\/div><\/div>\n\n\n\n<div style=\"height:100px\" aria-hidden=\"true\" class=\"wp-block-spacer\"><\/div>\n","protected":false},"excerpt":{"rendered":"<p>Coaching Vocal D\u00e9couvrez un coaching vocal personnalis\u00e9 et de haute qualit\u00e9, con\u00e7u pour r\u00e9v\u00e9ler la meilleure version de votre voix. Chaque s\u00e9ance vous guide avec pr\u00e9cision, alliant technique, confiance et plaisir de chanter. Coaching solo Lors de notre premier rendez-vous de coaching vocal, nous plongerons dans votre bilan vocal, un v\u00e9ritable diagnostic de l\u2019utilisation de [&hellip;]<\/p>\n","protected":false},"author":1,"featured_media":0,"parent":0,"menu_order":0,"comment_status":"closed","ping_status":"closed","template":"","meta":{"pmpro_default_level":"","_uag_custom_page_level_css":"","site-sidebar-layout":"default","site-content-layout":"plain-container","ast-site-content-layout":"normal-width-container","site-content-style":"unboxed","site-sidebar-style":"unboxed","ast-global-header-display":"","ast-banner-title-visibility":"","ast-main-header-display":"","ast-hfb-above-header-display":"","ast-hfb-below-header-display":"","ast-hfb-mobile-header-display":"","site-post-title":"disabled","ast-breadcrumbs-content":"","ast-featured-img":"","footer-sml-layout":"","ast-disable-related-posts":"","theme-transparent-header-meta":"enabled","adv-header-id-meta":"","stick-header-meta":"","header-above-stick-meta":"","header-main-stick-meta":"","header-below-stick-meta":"","astra-migrate-meta-layouts":"set","ast-page-background-enabled":"default","ast-page-background-meta":{"desktop":{"background-color":"","background-image":"","background-repeat":"repeat","background-position":"center center","background-size":"auto","background-attachment":"scroll","background-type":"","background-media":"","overlay-type":"","overlay-color":"","overlay-opacity":"","overlay-gradient":""},"tablet":{"background-color":"","background-image":"","background-repeat":"repeat","background-position":"center center","background-size":"auto","background-attachment":"scroll","background-type":"","background-media":"","overlay-type":"","overlay-color":"","overlay-opacity":"","overlay-gradient":""},"mobile":{"background-color":"","background-image":"","background-repeat":"repeat","background-position":"center center","background-size":"auto","background-attachment":"scroll","background-type":"","background-media":"","overlay-type":"","overlay-color":"","overlay-opacity":"","overlay-gradient":""}},"ast-content-background-meta":{"desktop":{"background-color":"var(--ast-global-color-4)","background-image":"","background-repeat":"repeat","background-position":"center center","background-size":"auto","background-attachment":"scroll","background-type":"","background-media":"","overlay-type":"","overlay-color":"","overlay-opacity":"","overlay-gradient":""},"tablet":{"background-color":"var(--ast-global-color-4)","background-image":"","background-repeat":"repeat","background-position":"center center","background-size":"auto","background-attachment":"scroll","background-type":"","background-media":"","overlay-type":"","overlay-color":"","overlay-opacity":"","overlay-gradient":""},"mobile":{"background-color":"var(--ast-global-color-4)","background-image":"","background-repeat":"repeat","background-position":"center center","background-size":"auto","background-attachment":"scroll","background-type":"","background-media":"","overlay-type":"","overlay-color":"","overlay-opacity":"","overlay-gradient":""}},"footnotes":""},"class_list":["post-1134","page","type-page","status-publish","hentry","pmpro-has-access"],"aioseo_notices":[],"_hostinger_reach_plugin_has_subscription_block":false,"_hostinger_reach_plugin_is_elementor":false,"uagb_featured_image_src":{"full":false,"thumbnail":false,"medium":false,"medium_large":false,"large":false,"1536x1536":false,"2048x2048":false},"uagb_author_info":{"display_name":"Makeda_Chant","author_link":"https:\/\/makedamusic.fr\/chant\/author\/contactmakedamusic-fr\/"},"uagb_comment_info":0,"uagb_excerpt":"Coaching Vocal D\u00e9couvrez un coaching vocal personnalis\u00e9 et de haute qualit\u00e9, con\u00e7u pour r\u00e9v\u00e9ler la meilleure version de votre voix. Chaque s\u00e9ance vous guide avec pr\u00e9cision, alliant technique, confiance et plaisir de chanter. Coaching solo Lors de notre premier rendez-vous de coaching vocal, nous plongerons dans votre bilan vocal, un v\u00e9ritable diagnostic de l\u2019utilisation de\u2026","_links":{"self":[{"href":"https:\/\/makedamusic.fr\/chant\/wp-json\/wp\/v2\/pages\/1134","targetHints":{"allow":["GET"]}}],"collection":[{"href":"https:\/\/makedamusic.fr\/chant\/wp-json\/wp\/v2\/pages"}],"about":[{"href":"https:\/\/makedamusic.fr\/chant\/wp-json\/wp\/v2\/types\/page"}],"author":[{"embeddable":true,"href":"https:\/\/makedamusic.fr\/chant\/wp-json\/wp\/v2\/users\/1"}],"replies":[{"embeddable":true,"href":"https:\/\/makedamusic.fr\/chant\/wp-json\/wp\/v2\/comments?post=1134"}],"version-history":[{"count":0,"href":"https:\/\/makedamusic.fr\/chant\/wp-json\/wp\/v2\/pages\/1134\/revisions"}],"wp:attachment":[{"href":"https:\/\/makedamusic.fr\/chant\/wp-json\/wp\/v2\/media?parent=1134"}],"curies":[{"name":"wp","href":"https:\/\/api.w.org\/{rel}","templated":true}]}}