{"id":3195,"date":"2025-02-22T18:01:44","date_gmt":"2025-02-22T17:01:44","guid":{"rendered":"https:\/\/makedamusic.fr\/event\/?page_id=3195"},"modified":"2026-02-24T17:34:04","modified_gmt":"2026-02-24T16:34:04","slug":"plan-du-site-2","status":"publish","type":"page","link":"https:\/\/makedamusic.fr\/event\/plan-du-site-2\/","title":{"rendered":"Plan du site"},"content":{"rendered":"\t\t<div data-elementor-type=\"wp-post\" data-elementor-id=\"3195\" class=\"elementor elementor-3195\">\n\t\t\t\t<div class=\"elementor-element elementor-element-1baa0c3 e-flex e-con-boxed e-con e-parent\" data-id=\"1baa0c3\" data-element_type=\"container\" data-e-type=\"container\" data-settings=\"{&quot;background_background&quot;:&quot;classic&quot;}\">\n\t\t\t\t\t<div class=\"e-con-inner\">\n\t\t<div class=\"elementor-element elementor-element-33442cc e-con-full e-flex e-con e-child\" data-id=\"33442cc\" data-element_type=\"container\" data-e-type=\"container\">\n\t\t\t\t<div class=\"elementor-element elementor-element-571956f elementor-widget elementor-widget-heading\" data-id=\"571956f\" data-element_type=\"widget\" data-e-type=\"widget\" data-widget_type=\"heading.default\">\n\t\t\t\t<div class=\"elementor-widget-container\">\n\t\t\t\t\t<h6 class=\"elementor-heading-title elementor-size-default\">Magnifier votre \u00e9v\u00e8nement<\/h6>\t\t\t\t<\/div>\n\t\t\t\t<\/div>\n\t\t\t\t<div class=\"elementor-element elementor-element-d1e2c76 elementor-widget elementor-widget-heading\" data-id=\"d1e2c76\" data-element_type=\"widget\" data-e-type=\"widget\" data-widget_type=\"heading.default\">\n\t\t\t\t<div class=\"elementor-widget-container\">\n\t\t\t\t\t<h1 class=\"elementor-heading-title elementor-size-default\">Plan du site<\/h1>\t\t\t\t<\/div>\n\t\t\t\t<\/div>\n\t\t\t\t<\/div>\n\t\t\t\t\t<\/div>\n\t\t\t\t<\/div>\n\t\t<div class=\"elementor-element elementor-element-2e2e098 e-flex e-con-boxed e-con e-parent\" data-id=\"2e2e098\" data-element_type=\"container\" data-e-type=\"container\">\n\t\t\t\t\t<div class=\"e-con-inner\">\n\t\t\t\t<div class=\"elementor-element elementor-element-35f299e elementor-widget elementor-widget-spacer\" data-id=\"35f299e\" data-element_type=\"widget\" data-e-type=\"widget\" data-widget_type=\"spacer.default\">\n\t\t\t\t<div class=\"elementor-widget-container\">\n\t\t\t\t\t\t\t<div class=\"elementor-spacer\">\n\t\t\t<div class=\"elementor-spacer-inner\"><\/div>\n\t\t<\/div>\n\t\t\t\t\t\t<\/div>\n\t\t\t\t<\/div>\n\t\t\t\t\t<\/div>\n\t\t\t\t<\/div>\n\t\t<div class=\"elementor-element elementor-element-651d70b e-flex e-con-boxed e-con e-parent\" data-id=\"651d70b\" data-element_type=\"container\" data-e-type=\"container\">\n\t\t\t\t\t<div class=\"e-con-inner\">\n\t\t\t\t<div class=\"elementor-element elementor-element-e03f2bb elementor-widget elementor-widget-wp-widget-aioseo-html-sitemap-widget\" data-id=\"e03f2bb\" data-element_type=\"widget\" data-e-type=\"widget\" data-widget_type=\"wp-widget-aioseo-html-sitemap-widget.default\">\n\t\t\t\t<div class=\"elementor-widget-container\">\n\t\t\t\t\t<div class=\"aioseo-html-sitemap\"><style>.aioseo-html-sitemap.labels-hidden ul { margin: 0; }<\/style><div class=\"aioseo-html-post-sitemap\"><h4>Articles<\/h4><ul><li><a href=\"https:\/\/makedamusic.fr\/event\/les-3-raisons-de-faire-appel-a-un-professionnel-du-spectacle\/\" >Les 3 raisons de faire appel \u00e0 un professionnel du spectacle<\/a><\/li><li><a href=\"https:\/\/makedamusic.fr\/event\/faut-il-sonoriser-votre-ceremonie\/\" >Pourquoi faut-il sonoriser votre c\u00e9r\u00e9monie ?<\/a><\/li><li><a href=\"https:\/\/makedamusic.fr\/event\/mariage-catholique-les-8-conditions-a-respecter\/\" >Mariage Catholique : Les 8 conditions \u00e0 respecter<\/a><\/li><li><a href=\"https:\/\/makedamusic.fr\/event\/mariage-protestant-les-5-conditions-a-respecter\/\" >Mariage Protestant : Les 5 conditions \u00e0 respecter<\/a><\/li><li><a href=\"https:\/\/makedamusic.fr\/event\/3-raisons-pour-une-animation-musicale-a-votre-evenement\/\" >3 raisons pour une animation musicale \u00e0 votre \u00e9v\u00e8nement<\/a><\/li><li><a href=\"https:\/\/makedamusic.fr\/event\/les-5-regles-a-suivre-afin-de-choisir-le-groupe-de-musique-de-votre-mariage\/\" >Les 5 r\u00e8gles \u00e0 suivre afin de choisir le groupe de musique de votre mariage<\/a><\/li><li><a href=\"https:\/\/makedamusic.fr\/event\/mariage-juif-les-6-conditions-a-respecter\/\" >Mariage Juif : Les 6 conditions \u00e0 respecter<\/a><\/li><li><a href=\"https:\/\/makedamusic.fr\/event\/votre-ceremonie-laique-ou-ceremonie-dengagement-a-lamericaine\/\" >Votre C\u00e9r\u00e9monie La\u00efque ou C\u00e9r\u00e9monie d&rsquo;Engagement \u00e0 l&rsquo;Am\u00e9ricaine<\/a><\/li><li><a href=\"https:\/\/makedamusic.fr\/event\/quest-ce-que-le-dj-live\/\" >Qu&rsquo;est ce que le DJ Live ?<\/a><\/li><li><a href=\"https:\/\/makedamusic.fr\/event\/mariage-oecumenique-quels-sont-les-points-a-verifier\/\" >Mariage \u0152cum\u00e9nique&#8230; quels sont les points \u00e0 v\u00e9rifier ?<\/a><\/li><li><a href=\"https:\/\/makedamusic.fr\/event\/les-4-etapes-du-process-de-reservation\/\" >Les 4 \u00e9tapes du process de r\u00e9servation<\/a><\/li><li><a href=\"https:\/\/makedamusic.fr\/event\/liste-de-chants-cocktail-de-mariage\/\" >Liste de Chants Cocktail de Mariage<\/a><\/li><li><a href=\"https:\/\/makedamusic.fr\/event\/repertoire-type-pour-une-benediction-de-mariage\/\" >R\u00e9pertoire Type pour une B\u00e9n\u00e9diction de Mariage<\/a><\/li><li><a href=\"https:\/\/makedamusic.fr\/event\/organisation-prestation-musicale-evenement-6-etapes\/\" >Organisation d\u2019une prestation musicale \u00e9v\u00e9nementielle : 6 \u00e9tapes<\/a><\/li><li><a href=\"https:\/\/makedamusic.fr\/event\/repertoire-type-messe-de-mariage\/\" >R\u00e9pertoire Type Messe de Mariage<\/a><\/li><li><a href=\"https:\/\/makedamusic.fr\/event\/deroulement-type-ceremonie-laique\/\" >D\u00e9roulement Type C\u00e9r\u00e9monie La\u00efque<\/a><\/li><li><a href=\"https:\/\/makedamusic.fr\/event\/deroulement-type-dune-benediction-de-mariage-gospel\/\" >D\u00e9roulement Type d&rsquo;une B\u00e9n\u00e9diction de mariage<\/a><\/li><li><a href=\"https:\/\/makedamusic.fr\/event\/deroulement-type-dune-messe-de-mariage\/\" >D\u00e9roulement Type d&rsquo;une messe de mariage<\/a><\/li><li><a href=\"https:\/\/makedamusic.fr\/event\/process-dorganisation-en-7-points-entreprises-institutions\/\" >Process d&rsquo;organisation en 7 points : Entreprises &amp; Institutions<\/a><\/li><li><a href=\"https:\/\/makedamusic.fr\/event\/organiser-prestation-musicale-entreprise\/\" >Organiser une prestation musicale dans son entreprise<\/a><\/li><li><a href=\"https:\/\/makedamusic.fr\/event\/organiser-une-prestation-musicale-dans-une-maison-de-retraite-guide-pratique-pour-des-moments-de-bonheur\/\" >6 \u00e9tapes pour organiser une prestation musicale dans une maison de retraite : Guide pratique pour des moments de bonheur<\/a><\/li><li><a href=\"https:\/\/makedamusic.fr\/event\/organiser-une-prestation-musicale-pour-une-association-un-guide-pour-dynamiser-vos-evenements\/\" >6 \u00e9tapes afin d&rsquo;organiser une prestation musicale pour une association : Un guide pour dynamiser vos \u00e9v\u00e9nements<\/a><\/li><li><a href=\"https:\/\/makedamusic.fr\/event\/team-building-musical-guide-complet\/\" >Organiser un team building musical : guide complet<\/a><\/li><li><a href=\"https:\/\/makedamusic.fr\/event\/6-etapes-pour-lorganisation-dune-prestation-musicale-lors-dun-evjf\/\" >6 \u00e9tapes pour l&rsquo;organisation d&rsquo;une prestation musicale lors d&rsquo;un EVJF<\/a><\/li><li><a href=\"https:\/\/makedamusic.fr\/event\/6-etapes-pour-lorganisation-dune-prestation-musicale-lors-dun-bapteme\/\" >6 \u00e9tapes pour l&rsquo;organisation d&rsquo;une prestation musicale lors d&rsquo;un bapt\u00eame<\/a><\/li><li><a href=\"https:\/\/makedamusic.fr\/event\/evenements-hybrides-la-nouvelle-norme\/\" >\u00c9v\u00e9nements hybrides : la nouvelle norme ?<\/a><\/li><li><a href=\"https:\/\/makedamusic.fr\/event\/ecoresponsabilite-dans-levenementiel-de-la-tendance-a-lexigence\/\" >\u00c9coresponsabilit\u00e9 dans l\u2019\u00e9v\u00e9nementiel : de la tendance \u00e0 l\u2019exigence<\/a><\/li><li><a href=\"https:\/\/makedamusic.fr\/event\/plongee-dans-le-futur-technologies-immersives-au-service-de-lexperience\/\" >Plong\u00e9e dans le futur \u2014 technologies immersives au service de l\u2019exp\u00e9rience<\/a><\/li><li><a href=\"https:\/\/makedamusic.fr\/event\/evenementiel-responsabilite-societale-vers-des-evenements-engages\/\" >\u00c9v\u00e9nementiel &#038; responsabilit\u00e9 soci\u00e9tale \u2014 vers des \u00e9v\u00e9nements engag\u00e9s<\/a><\/li><li><a href=\"https:\/\/makedamusic.fr\/event\/brand-event-communication-marque\/\" >Le brand event au service de la communication de marque<\/a><\/li><li><a href=\"https:\/\/makedamusic.fr\/event\/tourisme-evenementiel-levier-de-developpement-territorial\/\" >Tourisme \u00e9v\u00e9nementiel \u2014 levier de d\u00e9veloppement territorial<\/a><\/li><\/ul><\/div><br \/><div class=\"aioseo-html-page-sitemap\"><h4>Pages<\/h4><ul><li><a href=\"https:\/\/makedamusic.fr\/event\/etablissements-publics\/\" >Etablissements publics<\/a><\/li><li><a href=\"https:\/\/makedamusic.fr\/event\/etablissements-specialises\/\" >Etablissements sp\u00e9cialis\u00e9s<\/a><\/li><li><a href=\"https:\/\/makedamusic.fr\/event\/jazz-pearls\/\" >Jazz Pearl&rsquo;s<\/a><\/li><li><a href=\"https:\/\/makedamusic.fr\/event\/lyrical-orchestra\/\" >Lyrical Orchestra<\/a><\/li><li><a href=\"https:\/\/makedamusic.fr\/event\/amany\/\" >Amany<\/a><\/li><li><a href=\"https:\/\/makedamusic.fr\/event\/\" >Animation musicale pour \u00e9v\u00e9nements d\u2019entreprise et priv\u00e9s<\/a><\/li><li><a href=\"https:\/\/makedamusic.fr\/event\/nos-groupes\/\" >Nos groupes<\/a><\/li><li><a href=\"https:\/\/makedamusic.fr\/event\/contact\/\" >Contact<\/a><\/li><li><a href=\"https:\/\/makedamusic.fr\/event\/frans-orchestra-evenement\/\" >Fran\u2019s Orchestra : orchestre live pour \u00e9v\u00e9nements<\/a><\/li><li><a href=\"https:\/\/makedamusic.fr\/event\/djs-dj-live\/\" >Dj&rsquo;s &#038; Dj live<\/a><\/li><li><a href=\"https:\/\/makedamusic.fr\/event\/particuliers\/\" >Particuliers<\/a><\/li><li><a href=\"https:\/\/makedamusic.fr\/event\/avis-clients-evenement\/\" >Avis clients sur nos prestations musicales \u00e9v\u00e9nementielles<\/a><\/li><li><a href=\"https:\/\/makedamusic.fr\/event\/blog\/\" >Blog<\/a><\/li><li><a href=\"https:\/\/makedamusic.fr\/event\/politique-de-cookies-ue\/\" >Politique de cookies (UE)<\/a><\/li><li><a href=\"https:\/\/makedamusic.fr\/event\/mentions-legales\/\" >Mentions L\u00e9gales<\/a><\/li><li><a href=\"https:\/\/makedamusic.fr\/event\/conditions-generales\/\" >Conditions G\u00e9n\u00e9rales<\/a><\/li><li><a href=\"https:\/\/makedamusic.fr\/event\/plan-du-site-2\/\" >Plan du site<\/a><\/li><li><a href=\"https:\/\/makedamusic.fr\/event\/animation-musicale-corporate\/\" >Animation musicale corporate pour entreprises<\/a><\/li><\/ul><\/div><br \/><div class=\"aioseo-html-category-sitemap\"><h4>Cat\u00e9gories<\/h4><ul><li><a href=\"https:\/\/makedamusic.fr\/event\/category\/mariage\/\" >Mariage<\/a><\/li><li><a href=\"https:\/\/makedamusic.fr\/event\/category\/famille\/\" >Famille<\/a><\/li><li><a href=\"https:\/\/makedamusic.fr\/event\/category\/ami\/\" >Ami<\/a><\/li><li><a href=\"https:\/\/makedamusic.fr\/event\/category\/teambuilding\/\" >Teambuilding<\/a><\/li><li><a href=\"https:\/\/makedamusic.fr\/event\/category\/entreprise\/\" >Conseils et id\u00e9es pour \u00e9v\u00e9nements d\u2019entreprise<\/a><\/li><li><a href=\"https:\/\/makedamusic.fr\/event\/category\/fonctionnement\/\" >Fonctionnement<\/a><\/li><li><a href=\"https:\/\/makedamusic.fr\/event\/category\/institutions\/\" >Institutions<\/a><\/li><\/ul><\/div><br \/><\/div>\t\t\t\t<\/div>\n\t\t\t\t<\/div>\n\t\t\t\t\t<\/div>\n\t\t\t\t<\/div>\n\t\t\t\t<\/div>\n\t\t","protected":false},"excerpt":{"rendered":"<p>Magnifier votre \u00e9v\u00e8nement Plan du site<\/p>\n","protected":false},"author":1,"featured_media":0,"parent":0,"menu_order":0,"comment_status":"closed","ping_status":"closed","template":"","meta":{"site-sidebar-layout":"no-sidebar","site-content-layout":"page-builder","ast-site-content-layout":"full-width-container","site-content-style":"unboxed","site-sidebar-style":"unboxed","ast-global-header-display":"","ast-banner-title-visibility":"","ast-main-header-display":"","ast-hfb-above-header-display":"","ast-hfb-below-header-display":"","ast-hfb-mobile-header-display":"","site-post-title":"disabled","ast-breadcrumbs-content":"","ast-featured-img":"disabled","footer-sml-layout":"","ast-disable-related-posts":"","theme-transparent-header-meta":"enabled","adv-header-id-meta":"","stick-header-meta":"","header-above-stick-meta":"","header-main-stick-meta":"","header-below-stick-meta":"","astra-migrate-meta-layouts":"set","ast-page-background-enabled":"default","ast-page-background-meta":{"desktop":{"background-color":"","background-image":"","background-repeat":"repeat","background-position":"center center","background-size":"auto","background-attachment":"scroll","background-type":"","background-media":"","overlay-type":"","overlay-color":"","overlay-opacity":"","overlay-gradient":""},"tablet":{"background-color":"","background-image":"","background-repeat":"repeat","background-position":"center center","background-size":"auto","background-attachment":"scroll","background-type":"","background-media":"","overlay-type":"","overlay-color":"","overlay-opacity":"","overlay-gradient":""},"mobile":{"background-color":"","background-image":"","background-repeat":"repeat","background-position":"center center","background-size":"auto","background-attachment":"scroll","background-type":"","background-media":"","overlay-type":"","overlay-color":"","overlay-opacity":"","overlay-gradient":""}},"ast-content-background-meta":{"desktop":{"background-color":"var(--ast-global-color-5)","background-image":"","background-repeat":"repeat","background-position":"center center","background-size":"auto","background-attachment":"scroll","background-type":"","background-media":"","overlay-type":"","overlay-color":"","overlay-opacity":"","overlay-gradient":""},"tablet":{"background-color":"var(--ast-global-color-5)","background-image":"","background-repeat":"repeat","background-position":"center center","background-size":"auto","background-attachment":"scroll","background-type":"","background-media":"","overlay-type":"","overlay-color":"","overlay-opacity":"","overlay-gradient":""},"mobile":{"background-color":"var(--ast-global-color-5)","background-image":"","background-repeat":"repeat","background-position":"center center","background-size":"auto","background-attachment":"scroll","background-type":"","background-media":"","overlay-type":"","overlay-color":"","overlay-opacity":"","overlay-gradient":""}},"footnotes":""},"class_list":["post-3195","page","type-page","status-publish","hentry"],"aioseo_notices":[],"_links":{"self":[{"href":"https:\/\/makedamusic.fr\/event\/wp-json\/wp\/v2\/pages\/3195","targetHints":{"allow":["GET"]}}],"collection":[{"href":"https:\/\/makedamusic.fr\/event\/wp-json\/wp\/v2\/pages"}],"about":[{"href":"https:\/\/makedamusic.fr\/event\/wp-json\/wp\/v2\/types\/page"}],"author":[{"embeddable":true,"href":"https:\/\/makedamusic.fr\/event\/wp-json\/wp\/v2\/users\/1"}],"replies":[{"embeddable":true,"href":"https:\/\/makedamusic.fr\/event\/wp-json\/wp\/v2\/comments?post=3195"}],"version-history":[{"count":21,"href":"https:\/\/makedamusic.fr\/event\/wp-json\/wp\/v2\/pages\/3195\/revisions"}],"predecessor-version":[{"id":4392,"href":"https:\/\/makedamusic.fr\/event\/wp-json\/wp\/v2\/pages\/3195\/revisions\/4392"}],"wp:attachment":[{"href":"https:\/\/makedamusic.fr\/event\/wp-json\/wp\/v2\/media?parent=3195"}],"curies":[{"name":"wp","href":"https:\/\/api.w.org\/{rel}","templated":true}]}}