{"id":25,"date":"2026-01-31T22:53:42","date_gmt":"2026-01-31T22:53:42","guid":{"rendered":"https:\/\/makedamusic.fr\/funerailles\/?page_id=25"},"modified":"2026-03-08T21:09:06","modified_gmt":"2026-03-08T21:09:06","slug":"contact","status":"publish","type":"page","link":"https:\/\/makedamusic.fr\/funerailles\/contact\/","title":{"rendered":"Contact fun\u00e9railles et demande d\u2019information"},"content":{"rendered":"\n<main class=\"wp-block-group alignfull site-content has-black-primary-gradient-background has-background has-global-padding is-layout-constrained wp-block-group-is-layout-constrained\" style=\"margin-top:0\">\n<div class=\"wp-block-group is-style-default is-layout-flow wp-block-group-is-layout-flow\">\n<div style=\"height:28px\" aria-hidden=\"true\" class=\"wp-block-spacer\"><\/div>\n\n\n\n<div class=\"wp-block-columns are-vertically-aligned-center is-layout-flex wp-container-core-columns-is-layout-28f84493 wp-block-columns-is-layout-flex\">\n<div class=\"wp-block-column is-vertically-aligned-center is-layout-flow wp-block-column-is-layout-flow\" style=\"flex-basis:50%\">\n<h1 class=\"wp-block-heading has-white-color has-text-color has-max-48-font-size\">Contact fun\u00e9railles et demande d\u2019information<\/h1>\n\n\n\n<p>Lors de cet \u00e9v\u00e9nement empreint de souvenirs et de solennit\u00e9, nous sommes pr\u00e9sents \u00e0 vos c\u00f4t\u00e9s et \u00e0 votre \u00e9coute. Nous partageons avec vous ces instants uniques, empreints d\u2019\u00e9motion et de respect. Ensemble, nous veillons \u00e0 pr\u00e9server la s\u00e9r\u00e9nit\u00e9 de ce moment, en musique<\/p>\n\n\n\n<div style=\"height:186px\" aria-hidden=\"true\" class=\"wp-block-spacer\"><\/div>\n<\/div>\n\n\n\n<div class=\"wp-block-column is-vertically-aligned-center is-layout-flow wp-block-column-is-layout-flow\" style=\"flex-basis:50%\">\n<figure class=\"wp-block-image alignright size-large has-custom-border is-style-default wp-duotone-000-ffffff-1\"><img decoding=\"async\" src=\"https:\/\/makedamusic.fr\/funerailles\/wp-content\/uploads\/2026\/02\/vitaly-gariev-6BR7Da1HEF4-unsplash-1024x576.jpg.webp\" alt=\"Femme travaillant sur ordinateur portable tout en parlant au t\u00e9l\u00e9phone\" style=\"border-top-left-radius:25px;border-top-right-radius:25px;border-bottom-left-radius:25px;border-bottom-right-radius:25px;aspect-ratio:1;object-fit:cover\"\/><\/figure>\n<\/div>\n<\/div>\n<\/div>\n<\/main>\n\n\n\n<div class=\"wp-block-group is-style-default is-layout-flow wp-block-group-is-layout-flow\" style=\"padding-top:var(--wp--preset--spacing--80);padding-bottom:var(--wp--preset--spacing--80)\">\n<div class=\"wp-block-group has-global-padding is-layout-constrained wp-block-group-is-layout-constrained\">\n<div style=\"height:51px\" aria-hidden=\"true\" class=\"wp-block-spacer\"><\/div>\n\n\n\n<div class=\"wp-block-columns are-vertically-aligned-top is-layout-flex wp-container-core-columns-is-layout-d7d455e7 wp-block-columns-is-layout-flex\" style=\"padding-top:0;padding-right:0;padding-bottom:0;padding-left:0\">\n<div class=\"wp-block-column is-vertically-aligned-top is-layout-flow wp-block-column-is-layout-flow\" style=\"padding-right:7%;flex-basis:50%\">\n<p class=\"has-primary-color has-text-color\">Contactez-nous<\/p>\n\n\n\n<h2 class=\"wp-block-heading has-max-48-font-size\"><strong>Quand la musique fait la diff\u00e9rence.<\/strong><\/h2>\n\n\n\n<p>Pour plus d\u2019informations sur nos prestations musicales ou si vous avez la moindre question,&nbsp;<strong>remplissez et envoyez ce formulaire<\/strong>&nbsp;: nous vous r\u00e9pondrons avec attention et dans les meilleurs d\u00e9lais.<\/p>\n\n\n\n<p>Si vous souhaitez&nbsp;<strong>recevoir un tarif<\/strong>, nous vous invitons \u00e0 compl\u00e9ter&nbsp;<strong>une demande de devis<\/strong>&nbsp;via l\u2019onglet d\u00e9di\u00e9 (selon le type de c\u00e9r\u00e9monie).<\/p>\n\n\n\n<div style=\"height:var(--wp--preset--spacing--medium)\" aria-hidden=\"true\" class=\"wp-block-spacer\"><\/div>\n\n\n\n<figure class=\"wp-block-image size-large has-custom-border is-style-default\"><img fetchpriority=\"high\" decoding=\"async\" width=\"576\" height=\"1024\" src=\"https:\/\/makedamusic.fr\/funerailles\/wp-content\/uploads\/2026\/02\/rikonavt-oEWdQsbRVZk-unsplash-576x1024.jpg\" alt=\"Bouquet de roses roses dans un vase\" class=\"wp-image-113\" style=\"border-top-left-radius:25px;border-top-right-radius:25px;border-bottom-left-radius:25px;border-bottom-right-radius:25px;aspect-ratio:3\/4;object-fit:cover\" srcset=\"https:\/\/makedamusic.fr\/funerailles\/wp-content\/uploads\/2026\/02\/rikonavt-oEWdQsbRVZk-unsplash-576x1024.jpg 576w, https:\/\/makedamusic.fr\/funerailles\/wp-content\/uploads\/2026\/02\/rikonavt-oEWdQsbRVZk-unsplash-169x300.jpg 169w, https:\/\/makedamusic.fr\/funerailles\/wp-content\/uploads\/2026\/02\/rikonavt-oEWdQsbRVZk-unsplash-768x1365.jpg 768w, https:\/\/makedamusic.fr\/funerailles\/wp-content\/uploads\/2026\/02\/rikonavt-oEWdQsbRVZk-unsplash-864x1536.jpg 864w, https:\/\/makedamusic.fr\/funerailles\/wp-content\/uploads\/2026\/02\/rikonavt-oEWdQsbRVZk-unsplash-1152x2048.jpg 1152w, https:\/\/makedamusic.fr\/funerailles\/wp-content\/uploads\/2026\/02\/rikonavt-oEWdQsbRVZk-unsplash.jpg 1440w\" sizes=\"(max-width: 576px) 100vw, 576px\" \/><\/figure>\n<\/div>\n\n\n\n<div class=\"wp-block-column is-vertically-aligned-top is-layout-flow wp-block-column-is-layout-flow\" style=\"flex-basis:50%\">\n<div class=\"wpcf7 no-js\" id=\"wpcf7-f54-o1\" lang=\"fr-FR\" dir=\"ltr\" data-wpcf7-id=\"54\">\n<div class=\"screen-reader-response\"><p role=\"status\" aria-live=\"polite\" aria-atomic=\"true\"><\/p> <ul><\/ul><\/div>\n<form action=\"\/funerailles\/wp-json\/wp\/v2\/pages\/25#wpcf7-f54-o1\" method=\"post\" class=\"wpcf7-form init\" aria-label=\"Formulaire de contact\" novalidate=\"novalidate\" data-status=\"init\">\n<fieldset class=\"hidden-fields-container\"><input type=\"hidden\" name=\"_wpcf7\" value=\"54\" \/><input type=\"hidden\" name=\"_wpcf7_version\" value=\"6.1.5\" \/><input type=\"hidden\" name=\"_wpcf7_locale\" value=\"fr_FR\" \/><input type=\"hidden\" name=\"_wpcf7_unit_tag\" value=\"wpcf7-f54-o1\" \/><input type=\"hidden\" name=\"_wpcf7_container_post\" value=\"0\" \/><input type=\"hidden\" name=\"_wpcf7_posted_data_hash\" value=\"\" \/><input type=\"hidden\" name=\"_wpcf7_recaptcha_response\" value=\"\" \/>\n<\/fieldset>\n<p><strong>Les champs suivis d'un * sont obligatoires.<br \/>\n<\/strong>\n<\/p>\n<div class=\"contact flex-container\">\n\t<div class=\"form-group\">\n\t\t<p><label> Votre nom<br \/>\n<span class=\"wpcf7-form-control-wrap\" data-name=\"your-lastname\"><input size=\"40\" maxlength=\"50\" class=\"wpcf7-form-control wpcf7-text\" autocomplete=\"name\" aria-invalid=\"false\" value=\"\" type=\"text\" name=\"your-lastname\" \/><\/span> <\/label>\n\t\t<\/p>\n\t<\/div>\n\t<div class=\"form-group\">\n\t\t<p><label> Votre e-mail *<br \/>\n<span class=\"wpcf7-form-control-wrap\" data-name=\"your-email\"><input size=\"40\" maxlength=\"50\" minlength=\"12\" class=\"wpcf7-form-control wpcf7-email wpcf7-validates-as-required wpcf7-text wpcf7-validates-as-email\" autocomplete=\"email\" aria-required=\"true\" aria-invalid=\"false\" value=\"\" type=\"email\" name=\"your-email\" \/><\/span> <\/label>\n\t\t<\/p>\n\t<\/div>\n\t<div class=\"form-group\">\n\t\t<p><label> Votre t\u00e9l\u00e9phone<br \/>\n<span class=\"wpcf7-form-control-wrap\" data-name=\"your-tel\"><input size=\"40\" maxlength=\"15\" class=\"wpcf7-form-control wpcf7-tel wpcf7-text wpcf7-validates-as-tel\" autocomplete=\"tel\" aria-invalid=\"false\" value=\"\" type=\"tel\" name=\"your-tel\" \/><\/span> <\/label>\n\t\t<\/p>\n\t<\/div>\n\t<div class=\"form-group\">\n\t\t<p><label> Objet *<br \/>\n<span class=\"wpcf7-form-control-wrap\" data-name=\"your-subject\"><input size=\"40\" maxlength=\"50\" minlength=\"3\" class=\"wpcf7-form-control wpcf7-text wpcf7-validates-as-required\" aria-required=\"true\" aria-invalid=\"false\" value=\"\" type=\"text\" name=\"your-subject\" \/><\/span> <\/label>\n\t\t<\/p>\n\t<\/div>\n\t<div class=\"form-group\">\n\t\t<p><label> Votre message *<br \/>\n<span class=\"wpcf7-form-control-wrap\" data-name=\"your-message\"><textarea cols=\"40\" rows=\"10\" maxlength=\"250\" minlength=\"3\" class=\"wpcf7-form-control wpcf7-textarea wpcf7-validates-as-required\" aria-required=\"true\" aria-invalid=\"false\" name=\"your-message\"><\/textarea><\/span> <\/label>\n\t\t<\/p>\n\t<\/div>\n\t<p><span class=\"wpcf7-form-control-wrap\" data-name=\"consent\"><span class=\"wpcf7-form-control wpcf7-acceptance\"><span class=\"wpcf7-list-item\"><label><input type=\"checkbox\" name=\"consent\" value=\"1\" aria-invalid=\"false\" \/><span class=\"wpcf7-list-item-label\">En soumettant ce formulaire, vous consentez \u00e0 ce que Makeda Music conserve et utilise les donn\u00e9es fournies pour traiter votre demande. Pour plus d\u2019informations, veuillez consulter <a href=\"https:\/\/makedamusic.fr\/funerailles\/politique-de-cookies-ue\/\" target=\"_blank\">notre politique de cookies<\/a>.<\/span><\/label><\/span><\/span><\/span>\n\t<\/p>\n\t<p><input class=\"wpcf7-form-control wpcf7-submit has-spinner\" type=\"submit\" value=\"Envoyer\" \/>\n\t<\/p>\n<\/div><div class=\"wpcf7-response-output\" aria-hidden=\"true\"><\/div>\n<\/form>\n<\/div>\n\n<\/div>\n<\/div>\n\n\n\n<div style=\"height:51px\" aria-hidden=\"true\" class=\"wp-block-spacer\"><\/div>\n<\/div>\n<\/div>\n\n\n\n<div class=\"wp-block-group alignfull has-global-padding is-layout-constrained wp-block-group-is-layout-constrained\">\n<div class=\"wp-block-columns alignfull are-vertically-aligned-center has-light-background-background-color has-background is-layout-flex wp-container-core-columns-is-layout-d7d455e7 wp-block-columns-is-layout-flex\" style=\"padding-top:0;padding-right:0;padding-bottom:0;padding-left:0\">\n<div class=\"wp-block-column is-vertically-aligned-center is-layout-flow wp-block-column-is-layout-flow\" style=\"padding-top:var(--wp--preset--spacing--small);padding-right:var(--wp--preset--spacing--small);padding-bottom:var(--wp--preset--spacing--small);padding-left:2%;flex-basis:50%\">\n<h2 class=\"wp-block-heading has-max-48-font-size\">Coordonn\u00e9es<\/h2>\n\n\n\n<p><\/p>\n\n\n\n<h2 class=\"wp-block-heading\"><strong>Address<\/strong>e<\/h2>\n\n\n\n<p>20, rue Edouard Pailleron &#8211; 75019 <\/p>\n\n\n\n<h2 class=\"wp-block-heading\"><strong>Email<\/strong><\/h2>\n\n\n\n<p>contact@makedamusic.fr<\/p>\n\n\n\n<h2 class=\"wp-block-heading\"><strong>Phone<\/strong><\/h2>\n\n\n\n<p>06 19 18 67 16<\/p>\n<\/div>\n\n\n\n<div class=\"wp-block-column is-vertically-aligned-center map-grayscale is-layout-flow wp-block-column-is-layout-flow\" style=\"flex-basis:50%\">\n<figure class=\"wp-block-image size-large\"><img decoding=\"async\" src=\"https:\/\/makedamusic.fr\/funerailles\/wp-content\/uploads\/2026\/02\/panyawat-auitpol-768x512.jpg.webp\" alt=\"Cercueil fleuri plac\u00e9 dans un corbillard lors de fun\u00e9railles\"\/><\/figure>\n<\/div>\n<\/div>\n\n\n\n<div style=\"height:var(--wp--preset--spacing--medium)\" aria-hidden=\"true\" class=\"wp-block-spacer\"><\/div>\n<\/div>\n","protected":false},"excerpt":{"rendered":"<p>Contact fun\u00e9railles et demande d\u2019information Lors de cet \u00e9v\u00e9nement empreint de souvenirs et de solennit\u00e9, nous sommes pr\u00e9sents \u00e0 vos c\u00f4t\u00e9s et \u00e0 votre \u00e9coute. Nous partageons avec vous ces instants uniques, empreints d\u2019\u00e9motion et de respect. Ensemble, nous veillons \u00e0 pr\u00e9server la s\u00e9r\u00e9nit\u00e9 de ce moment, en musique Contactez-nous Quand la musique fait la [&hellip;]<\/p>\n","protected":false},"author":1,"featured_media":0,"parent":0,"menu_order":3,"comment_status":"closed","ping_status":"closed","template":"no-title","meta":{"footnotes":""},"class_list":["post-25","page","type-page","status-publish","hentry"],"aioseo_notices":[],"_hostinger_reach_plugin_has_subscription_block":false,"_hostinger_reach_plugin_is_elementor":false,"_links":{"self":[{"href":"https:\/\/makedamusic.fr\/funerailles\/wp-json\/wp\/v2\/pages\/25","targetHints":{"allow":["GET"]}}],"collection":[{"href":"https:\/\/makedamusic.fr\/funerailles\/wp-json\/wp\/v2\/pages"}],"about":[{"href":"https:\/\/makedamusic.fr\/funerailles\/wp-json\/wp\/v2\/types\/page"}],"author":[{"embeddable":true,"href":"https:\/\/makedamusic.fr\/funerailles\/wp-json\/wp\/v2\/users\/1"}],"replies":[{"embeddable":true,"href":"https:\/\/makedamusic.fr\/funerailles\/wp-json\/wp\/v2\/comments?post=25"}],"version-history":[{"count":20,"href":"https:\/\/makedamusic.fr\/funerailles\/wp-json\/wp\/v2\/pages\/25\/revisions"}],"predecessor-version":[{"id":297,"href":"https:\/\/makedamusic.fr\/funerailles\/wp-json\/wp\/v2\/pages\/25\/revisions\/297"}],"wp:attachment":[{"href":"https:\/\/makedamusic.fr\/funerailles\/wp-json\/wp\/v2\/media?parent=25"}],"curies":[{"name":"wp","href":"https:\/\/api.w.org\/{rel}","templated":true}]}}