{"id":260,"date":"2026-03-07T12:18:24","date_gmt":"2026-03-07T12:18:24","guid":{"rendered":"https:\/\/makedamusic.fr\/funerailles\/?page_id=260"},"modified":"2026-03-15T21:41:35","modified_gmt":"2026-03-15T21:41:35","slug":"plan-du-site","status":"publish","type":"page","link":"https:\/\/makedamusic.fr\/funerailles\/plan-du-site\/","title":{"rendered":"Plan du site"},"content":{"rendered":"<div class=\"aioseo-html-sitemap\"><style>.aioseo-html-sitemap.labels-hidden ul { margin: 0; }<\/style><div class=\"aioseo-html-post-sitemap\"><h4>Articles<\/h4><ul><li><a href=\"https:\/\/makedamusic.fr\/funerailles\/obseques-ecologie-options-sobres\/\" >Obs\u00e8ques et \u00e9cologie : vers des choix plus sobres<\/a><\/li><li><a href=\"https:\/\/makedamusic.fr\/funerailles\/inhumation-ou-cremation-choisir-apres\/\" >Inhumation ou cr\u00e9mation : choisir avec plus de calme<\/a><\/li><li><a href=\"https:\/\/makedamusic.fr\/funerailles\/organiser-obseques-eviter-conflits-famille\/\" >Organiser les obs\u00e8ques en famille : \u00e9viter que la douleur ne devienne conflit<\/a><\/li><li><a href=\"https:\/\/makedamusic.fr\/funerailles\/cout-obseques-france-comprendre-devis\/\" >Co\u00fbt des obs\u00e8ques : comprendre sans culpabiliser<\/a><\/li><li><a href=\"https:\/\/makedamusic.fr\/funerailles\/demarches-deces-delais-14-jours\/\" >D\u00e9marches apr\u00e8s un d\u00e9c\u00e8s : avancer \u00e9tape par \u00e9tape<\/a><\/li><li><a href=\"https:\/\/makedamusic.fr\/funerailles\/choisir-entreprise-funeraire-questions-devis\/\" >Choisir une entreprise fun\u00e9raire : chercher la clart\u00e9 avant tout<\/a><\/li><li><a href=\"https:\/\/makedamusic.fr\/funerailles\/respecter-volontes-defunt-eviter-conflits\/\" >Respecter les volont\u00e9s du d\u00e9funt : un rep\u00e8re pr\u00e9cieux pour les proches<\/a><\/li><li><a href=\"https:\/\/makedamusic.fr\/funerailles\/ceremonie-hommage-personnalisation-sobre\/\" >C\u00e9r\u00e9monie et personnalisation : rendre l\u2019hommage plus juste<\/a><\/li><\/ul><\/div><br \/><div class=\"aioseo-html-page-sitemap\"><h4>Pages<\/h4><ul><li><a href=\"https:\/\/makedamusic.fr\/funerailles\/groupes-musique-funerailles\/\" >Groupes de musique pour fun\u00e9railles et obs\u00e8ques<\/a><\/li><li><a href=\"https:\/\/makedamusic.fr\/funerailles\/prestations-musicales-obseques\/\" >Prestations musicales pour obs\u00e8ques et c\u00e9r\u00e9monies fun\u00e9raires<\/a><\/li><li><a href=\"https:\/\/makedamusic.fr\/funerailles\/contact\/\" >Contact fun\u00e9railles et demande d\u2019information<\/a><\/li><li><a href=\"https:\/\/makedamusic.fr\/funerailles\/musique-funerailles-obseques\/\" >Musique pour fun\u00e9railles, obs\u00e8ques et cr\u00e9mation<\/a><\/li><li><a href=\"https:\/\/makedamusic.fr\/funerailles\/blog-funerailles\/\" >Conseils pour organiser un hommage fun\u00e9raire<\/a><\/li><li><a href=\"https:\/\/makedamusic.fr\/funerailles\/plan-du-site\/\" >Plan du site<\/a><\/li><\/ul><\/div><br \/><div class=\"aioseo-html-category-sitemap\"><h4>Cat\u00e9gories<\/h4><ul><li><a href=\"https:\/\/makedamusic.fr\/funerailles\/category\/budget\/\" >Budget<\/a><\/li><li><a href=\"https:\/\/makedamusic.fr\/funerailles\/category\/ceremonie\/\" >C\u00e9r\u00e9monie<\/a><\/li><li><a href=\"https:\/\/makedamusic.fr\/funerailles\/category\/organisation\/\" >Organisation<\/a><\/li><\/ul><\/div><br \/><\/div>","protected":false},"excerpt":{"rendered":"","protected":false},"author":1,"featured_media":0,"parent":0,"menu_order":0,"comment_status":"closed","ping_status":"closed","template":"","meta":{"footnotes":""},"class_list":["post-260","page","type-page","status-publish","hentry"],"aioseo_notices":[],"_hostinger_reach_plugin_has_subscription_block":false,"_hostinger_reach_plugin_is_elementor":false,"_links":{"self":[{"href":"https:\/\/makedamusic.fr\/funerailles\/wp-json\/wp\/v2\/pages\/260","targetHints":{"allow":["GET"]}}],"collection":[{"href":"https:\/\/makedamusic.fr\/funerailles\/wp-json\/wp\/v2\/pages"}],"about":[{"href":"https:\/\/makedamusic.fr\/funerailles\/wp-json\/wp\/v2\/types\/page"}],"author":[{"embeddable":true,"href":"https:\/\/makedamusic.fr\/funerailles\/wp-json\/wp\/v2\/users\/1"}],"replies":[{"embeddable":true,"href":"https:\/\/makedamusic.fr\/funerailles\/wp-json\/wp\/v2\/comments?post=260"}],"version-history":[{"count":2,"href":"https:\/\/makedamusic.fr\/funerailles\/wp-json\/wp\/v2\/pages\/260\/revisions"}],"predecessor-version":[{"id":315,"href":"https:\/\/makedamusic.fr\/funerailles\/wp-json\/wp\/v2\/pages\/260\/revisions\/315"}],"wp:attachment":[{"href":"https:\/\/makedamusic.fr\/funerailles\/wp-json\/wp\/v2\/media?parent=260"}],"curies":[{"name":"wp","href":"https:\/\/api.w.org\/{rel}","templated":true}]}}