{"id":31,"date":"2026-01-31T23:14:05","date_gmt":"2026-01-31T23:14:05","guid":{"rendered":"https:\/\/makedamusic.fr\/funerailles\/?page_id=31"},"modified":"2026-03-20T09:37:35","modified_gmt":"2026-03-20T09:37:35","slug":"musique-funerailles-obseques","status":"publish","type":"page","link":"https:\/\/makedamusic.fr\/funerailles\/musique-funerailles-obseques\/","title":{"rendered":"Musique pour fun\u00e9railles, obs\u00e8ques et cr\u00e9mation"},"content":{"rendered":"\n<main class=\"wp-block-group alignfull site-content has-black-primary-gradient-background has-background has-global-padding is-layout-constrained wp-block-group-is-layout-constrained\" style=\"margin-top:0\">\n<div class=\"wp-block-group is-style-default is-layout-flow wp-block-group-is-layout-flow\">\n<div style=\"height:88px\" aria-hidden=\"true\" class=\"wp-block-spacer\"><\/div>\n\n\n\n<div class=\"wp-block-columns is-layout-flex wp-container-core-columns-is-layout-28f84493 wp-block-columns-is-layout-flex\">\n<div class=\"wp-block-column is-layout-flow wp-block-column-is-layout-flow\" style=\"flex-basis:60%\">\n<h1 class=\"wp-block-heading has-white-color has-text-color has-max-48-font-size\">Musique pour fun\u00e9railles, obs\u00e8ques et cr\u00e9mation<\/h1>\n<\/div>\n\n\n\n<div class=\"wp-block-column is-layout-flow wp-block-column-is-layout-flow\" style=\"flex-basis:30%\">\n<p class=\"has-lightgrey-color has-text-color has-small-font-size\">Makeda Music, expert en \u00e9v\u00e8nementiel musical, vous accompagne avec empathie et professionnalisme pour offrir un hommage musical personnalis\u00e9 et \u00e9mouvant lors des obs\u00e8ques de votre proche.<\/p>\n\n\n\n<p><a href=\"https:\/\/makedamusic.fr\/funerailles\/prestations-musicales-obseques\/\">En savoir plus \u2192<\/a><\/p>\n<\/div>\n<\/div>\n\n\n\n<div style=\"height:88px\" aria-hidden=\"true\" class=\"wp-block-spacer\"><\/div>\n\n\n\n<div class=\"wp-block-group is-layout-flow wp-block-group-is-layout-flow\" style=\"border-radius:20px\">\n<div class=\"wp-block-cover aligncenter is-style-round-corners\" style=\"min-height:536px;aspect-ratio:unset;\"><img fetchpriority=\"high\" decoding=\"async\" width=\"1024\" height=\"683\" class=\"wp-block-cover__image-background wp-image-317 size-large\" alt=\"\" src=\"https:\/\/makedamusic.fr\/funerailles\/wp-content\/uploads\/2026\/03\/Image-double-exposure-1024x683.jpg\" data-object-fit=\"cover\" srcset=\"https:\/\/makedamusic.fr\/funerailles\/wp-content\/uploads\/2026\/03\/Image-double-exposure-1024x683.jpg 1024w, https:\/\/makedamusic.fr\/funerailles\/wp-content\/uploads\/2026\/03\/Image-double-exposure-300x200.jpg 300w, https:\/\/makedamusic.fr\/funerailles\/wp-content\/uploads\/2026\/03\/Image-double-exposure-768x512.jpg 768w, https:\/\/makedamusic.fr\/funerailles\/wp-content\/uploads\/2026\/03\/Image-double-exposure.jpg 1536w\" sizes=\"(max-width: 1024px) 100vw, 1024px\" \/><span aria-hidden=\"true\" class=\"wp-block-cover__background has-secondary-background-color has-background-dim-30 has-background-dim\"><\/span><div class=\"wp-block-cover__inner-container is-layout-flow wp-block-cover-is-layout-flow\">\n<p class=\"has-text-align-center has-max-60-font-size\">Nous chantons pour votre dernier hommage<\/p>\n<\/div><\/div>\n<\/div>\n\n\n\n<div style=\"height:88px\" aria-hidden=\"true\" class=\"wp-block-spacer\"><\/div>\n<\/div>\n<\/main>\n\n\n\n<div class=\"wp-block-group is-style-default has-global-padding is-layout-constrained wp-block-group-is-layout-constrained\">\n<div class=\"wp-block-group is-layout-flex wp-block-group-is-layout-flex\">\n<div class=\"wp-block-columns is-layout-flex wp-container-core-columns-is-layout-d7d455e7 wp-block-columns-is-layout-flex\" style=\"padding-top:0;padding-right:0;padding-bottom:0;padding-left:0\">\n<div class=\"wp-block-column is-layout-flow wp-block-column-is-layout-flow\" style=\"padding-right:var(--wp--preset--spacing--x-large);flex-basis:50%\">\n<p class=\"has-primary-color has-text-color\">A PROPOS<\/p>\n\n\n\n<h2 class=\"wp-block-heading has-max-48-font-size\">La partition du parcours fun\u00e9raire<\/h2>\n\n\n\n<p>Avant de choisir les musiques pour un hommage fun\u00e8bre, il est important de conna\u00eetre les d\u00e9marches administratives et logistiques en France, notamment les d\u00e9lais l\u00e9gaux pour l\u2019inhumation ou la cr\u00e9mation. Des d\u00e9rogations peuvent \u00eatre accord\u00e9es en cas de circonstances particuli\u00e8res. L\u2019organisation g\u00e9n\u00e9rale des fun\u00e9railles, y compris le choix entre inhumation et cr\u00e9mation, doit \u00e9galement \u00eatre pr\u00e9cis\u00e9e.<br>Makeda for Event propose une s\u00e9lection de musiciens pour accompagner musicalement les obs\u00e8ques, en respectant les derni\u00e8res volont\u00e9s du d\u00e9funt et les souhaits des proches.<br><\/p>\n\n\n\n<div class=\"wp-block-buttons is-layout-flex wp-block-buttons-is-layout-flex\">\n<div class=\"wp-block-button is-style-fill\"><a class=\"wp-block-button__link wp-element-button\" href=\"https:\/\/makedamusic.fr\/funerailles\/groupes-musique-funerailles\" style=\"border-radius:5px\">Nos groupes<\/a><\/div>\n<\/div>\n<\/div>\n\n\n\n<div class=\"wp-block-column is-vertically-aligned-top is-layout-flow wp-block-column-is-layout-flow\" style=\"flex-basis:50%\">\n<figure class=\"wp-block-image alignright size-large has-custom-border is-style-shadow\"><img decoding=\"async\" src=\"https:\/\/makedamusic.fr\/funerailles\/wp-content\/uploads\/2026\/02\/panyawat-auitpol-1024x683.jpg\" alt=\"Cercueil fleuri plac\u00e9 dans un corbillard lors de fun\u00e9railles\" style=\"border-top-left-radius:25px;border-top-right-radius:25px;border-bottom-left-radius:25px;border-bottom-right-radius:25px;aspect-ratio:1;object-fit:cover\"\/><\/figure>\n<\/div>\n<\/div>\n<\/div>\n<\/div>\n\n\n\n<div class=\"wp-block-group has-global-padding is-layout-constrained wp-block-group-is-layout-constrained\">\n<div class=\"wp-block-group is-layout-flow wp-block-group-is-layout-flow\">\n<div style=\"height:100px\" aria-hidden=\"true\" class=\"wp-block-spacer\"><\/div>\n\n\n\n<p class=\"has-primary-color has-text-color\">LES TEMPS DE RECUEILLEMENT<\/p>\n\n\n\n<h2 class=\"wp-block-heading has-max-48-font-size\">Un hommage juste, port\u00e9 par la musique.<\/h2>\n\n\n\n<div style=\"height:100px\" aria-hidden=\"true\" class=\"wp-block-spacer\"><\/div>\n\n\n\n<div class=\"wp-block-columns is-layout-flex wp-container-core-columns-is-layout-28f84493 wp-block-columns-is-layout-flex\">\n<div class=\"wp-block-column is-style-shadow has-light-background-background-color has-background is-layout-flow wp-block-column-is-layout-flow\" style=\"border-style:none;border-width:0px;padding-top:30px;padding-right:30px;padding-bottom:30px;padding-left:30px\">\n<div class=\"wp-block-outermost-icon-block\"><div class=\"icon-container\" style=\"width:48px;transform:rotate(0deg) scaleX(1) scaleY(1)\"><svg width=\"50\" height=\"50\" viewBox=\"0 0 50 50\" fill=\"none\" xmlns=\"http:\/\/www.w3.org\/2000\/svg\"><path d=\"M50 27.7778H31.6667L44.7222 40.8333L40.8333 44.7222L27.7778 31.6667V50H22.2222V31.3889L9.16667 44.4444L5.27778 40.5556L17.7778 27.7778H0V22.2222H18.3333L5.27778 9.16667L9.16667 5.27778L22.2222 18.3333V0H27.7778V17.7778L40.5556 5L44.4444 9.16667L31.3889 22.2222H50V27.7778Z\" fill=\"var(--wp--preset--color--primary)\"><\/path><\/svg><\/div><\/div>\n\n\n\n<h2 class=\"wp-block-heading\">La c\u00e9r\u00e9monie<\/h2>\n\n\n\n<p>Chez Makeda for Event, nous comprenons l\u2019importance de rendre un hommage digne et personnalis\u00e9 \u00e0 votre proche. Que vous souhaitiez une c\u00e9r\u00e9monie religieuse dans un lieu de culte (\u00e9glise, temple, mosqu\u00e9e, chapelle\u2026) ou directement au cimeti\u00e8re ; sinon, personnalisez l\u2019hommage lors d\u2019une c\u00e9r\u00e9monie civile pour qu\u2019il refl\u00e8te la vie et la personnalit\u00e9 de votre \u00eatre cher.<\/p>\n\n\n\n<p><a href=\"#https:\/\/makedamusic.fr\/funerailles\/prestations-musicales-obseques#religieux\">En savoir plus \u2192<\/a><\/p>\n<\/div>\n\n\n\n<div class=\"wp-block-column is-style-shadow has-light-background-background-color has-background is-layout-flow wp-block-column-is-layout-flow\" style=\"border-style:none;border-width:0px;padding-top:30px;padding-right:30px;padding-bottom:30px;padding-left:30px\">\n<div class=\"wp-block-outermost-icon-block\"><div class=\"icon-container\" style=\"width:48px;transform:rotate(0deg) scaleX(1) scaleY(1)\"><svg width=\"50\" height=\"50\" viewBox=\"0 0 50 50\" fill=\"none\" xmlns=\"http:\/\/www.w3.org\/2000\/svg\"><path d=\"M50 27.7778H31.6667L44.7222 40.8333L40.8333 44.7222L27.7778 31.6667V50H22.2222V31.3889L9.16667 44.4444L5.27778 40.5556L17.7778 27.7778H0V22.2222H18.3333L5.27778 9.16667L9.16667 5.27778L22.2222 18.3333V0H27.7778V17.7778L40.5556 5L44.4444 9.16667L31.3889 22.2222H50V27.7778Z\" fill=\"var(--wp--preset--color--primary)\"><\/path><\/svg><\/div><\/div>\n\n\n\n<h2 class=\"wp-block-heading\">L&rsquo;inhumation<\/h2>\n\n\n\n<p>Offrez \u00e0 votre \u00eatre cher un repos \u00e9ternel dans un lieu qui vous tient \u00e0 c\u0153ur.&nbsp; Choisissez l\u2019inhumation dans le cimeti\u00e8re de votre commune, celui o\u00f9 il a v\u00e9cu, ou encore dans le cimeti\u00e8re familial, pour un dernier hommage empreint de s\u00e9r\u00e9nit\u00e9 et de proximit\u00e9. Cette d\u00e9cision permet de pr\u00e9server un lien fort avec sa m\u00e9moire et d\u2019offrir un cadre paisible pour le recueillement des proches.<\/p>\n\n\n\n<p><a href=\"https:\/\/makedamusic.fr\/funerailles\/prestations-musicales-obseques#inhumation\">En savoir plus \u2192<\/a><\/p>\n<\/div>\n\n\n\n<div class=\"wp-block-column is-style-shadow has-light-background-background-color has-background is-layout-flow wp-block-column-is-layout-flow\" style=\"border-style:none;border-width:0px;padding-top:30px;padding-right:30px;padding-bottom:30px;padding-left:30px\">\n<div class=\"wp-block-outermost-icon-block\"><div class=\"icon-container\" style=\"width:48px;transform:rotate(0deg) scaleX(1) scaleY(1)\"><svg width=\"50\" height=\"50\" viewBox=\"0 0 50 50\" fill=\"none\" xmlns=\"http:\/\/www.w3.org\/2000\/svg\"><path d=\"M50 27.7778H31.6667L44.7222 40.8333L40.8333 44.7222L27.7778 31.6667V50H22.2222V31.3889L9.16667 44.4444L5.27778 40.5556L17.7778 27.7778H0V22.2222H18.3333L5.27778 9.16667L9.16667 5.27778L22.2222 18.3333V0H27.7778V17.7778L40.5556 5L44.4444 9.16667L31.3889 22.2222H50V27.7778Z\" fill=\"var(--wp--preset--color--primary)\"><\/path><\/svg><\/div><\/div>\n\n\n\n<h2 class=\"wp-block-heading\">La cr\u00e9mation<\/h2>\n\n\n\n<p>Offrez \u00e0 vos proches un hommage personnalis\u00e9 et respectueux avec la cr\u00e9mation. Transformez le corps en cendres, symbole de puret\u00e9 et de renaissance. C\u00e9l\u00e9brez la vie du d\u00e9funt lors d\u2019une c\u00e9r\u00e9monie civile ou religieuse, en accord avec ses volont\u00e9s ou celles de la famille, pour un adieu empreint de s\u00e9r\u00e9nit\u00e9 et de dignit\u00e9. Conserver un souvenir pr\u00e9cieux, intemporel.<\/p>\n\n\n\n<p><a href=\"https:\/\/makedamusic.fr\/funerailles\/prestations-musicales-obseques#cr\u00e9mation\">En savoir plus \u2192<\/a><\/p>\n<\/div>\n<\/div>\n<\/div>\n<\/div>\n\n\n\n<div style=\"height:114px\" aria-hidden=\"true\" class=\"wp-block-spacer\"><\/div>\n\n\n\n<div class=\"wp-block-group alignfull has-global-padding is-layout-constrained wp-block-group-is-layout-constrained\">\n<div class=\"wp-block-media-text alignfull is-stacked-on-mobile is-vertically-aligned-center is-style-shadow-media has-secondary-background-color has-background\"><figure class=\"wp-block-media-text__media\"><img decoding=\"async\" width=\"1024\" height=\"768\" src=\"https:\/\/makedamusic.fr\/funerailles\/wp-content\/uploads\/2026\/02\/FF2660F9-735D-4CCC-BE94-CA772C2DC4E2-2-1024x768.jpeg\" alt=\"Cercueil fleuri plac\u00e9 dans un corbillard lors de fun\u00e9railles\" class=\"wp-image-97 size-full\" srcset=\"https:\/\/makedamusic.fr\/funerailles\/wp-content\/uploads\/2026\/02\/FF2660F9-735D-4CCC-BE94-CA772C2DC4E2-2-1024x768.jpeg 1024w, https:\/\/makedamusic.fr\/funerailles\/wp-content\/uploads\/2026\/02\/FF2660F9-735D-4CCC-BE94-CA772C2DC4E2-2-300x225.jpeg 300w, https:\/\/makedamusic.fr\/funerailles\/wp-content\/uploads\/2026\/02\/FF2660F9-735D-4CCC-BE94-CA772C2DC4E2-2-768x576.jpeg 768w, https:\/\/makedamusic.fr\/funerailles\/wp-content\/uploads\/2026\/02\/FF2660F9-735D-4CCC-BE94-CA772C2DC4E2-2-1536x1152.jpeg 1536w, https:\/\/makedamusic.fr\/funerailles\/wp-content\/uploads\/2026\/02\/FF2660F9-735D-4CCC-BE94-CA772C2DC4E2-2.jpeg 1600w\" sizes=\"(max-width: 1024px) 100vw, 1024px\" \/><\/figure><div class=\"wp-block-media-text__content\">\n<h2 class=\"wp-block-heading has-white-color has-text-color has-max-48-font-size\">Accompagner l\u2019au revoir, avec douceur<\/h2>\n\n\n\n<p><\/p>\n\n\n\n<p class=\"has-white-color has-text-color\">Parce qu\u2019un hommage ne se \u201cmet\u201d pas en musique comme un simple \u00e9v\u00e9nement, nous prenons le temps de vous \u00e9couter avec attention : qui \u00e9tait la personne, quel ton souhaitez-vous donner \u00e0 la c\u00e9r\u00e9monie, quels morceaux comptent, quelles sensibilit\u00e9s respecter. Notre groupe de musique fun\u00e9raire intervient avec sobri\u00e9t\u00e9 et professionnalisme, en s\u2019adaptant au lieu (\u00e9glise, fun\u00e9rarium, cr\u00e9matorium, cimeti\u00e8re) et au d\u00e9roul\u00e9 pr\u00e9vu (accueil, temps de recueillement, entr\u00e9e\/sortie, dernier adieu). Nous vous conseillons sur le choix des \u0153uvres et des moments musicaux, tout en assurant une coordination discr\u00e8te avec l\u2019op\u00e9rateur fun\u00e9raire et\/ou l\u2019officiant, pour que tout se d\u00e9roule avec justesse, dignit\u00e9 et s\u00e9r\u00e9nit\u00e9. Notre engagement : offrir une pr\u00e9sence musicale au service du souvenir, fid\u00e8le \u00e0 vos souhaits et \u00e0 ceux du d\u00e9funt.<\/p>\n\n\n\n<ul class=\"wp-block-list has-white-color has-text-color\">\n<li><strong>Approche personnalis\u00e9e<\/strong><\/li>\n\n\n\n<li><strong>Intervention professionnelle<\/strong><\/li>\n\n\n\n<li><strong>Coordination et engagement&nbsp;<\/strong><\/li>\n<\/ul>\n<\/div><\/div>\n<\/div>\n\n\n\n<div class=\"wp-block-group alignfull has-light-background-background-color has-background is-layout-flow wp-block-group-is-layout-flow\"><\/div>\n\n\n\n<div class=\"wp-block-group has-global-padding is-layout-constrained wp-block-group-is-layout-constrained\">\n<div class=\"wp-block-group is-layout-flow wp-block-group-is-layout-flow\">\n<div style=\"height:100px\" aria-hidden=\"true\" class=\"wp-block-spacer\"><\/div>\n\n\n\n<p class=\"has-primary-color has-text-color\">NOS GROUPES<\/p>\n\n\n\n<h2 class=\"wp-block-heading has-max-48-font-size\"><strong>Une musique choisie, pour un souvenir qui demeure.<\/strong><\/h2>\n\n\n\n<div style=\"height:71px\" aria-hidden=\"true\" class=\"wp-block-spacer\"><\/div>\n\n\n\n<div style=\"height:0px\" aria-hidden=\"true\" class=\"wp-block-spacer\"><\/div>\n\n\n\n<div class=\"wp-block-columns is-layout-flex wp-container-core-columns-is-layout-28f84493 wp-block-columns-is-layout-flex\">\n<div class=\"wp-block-column is-style-default is-layout-flow wp-block-column-is-layout-flow\" style=\"border-style:none;border-width:0px;padding-top:0;padding-right:0;padding-bottom:0;padding-left:0\">\n<figure class=\"wp-block-image size-large has-custom-border is-style-shadow\"><img decoding=\"async\" src=\"https:\/\/makedamusic.fr\/funerailles\/wp-content\/uploads\/2026\/02\/B046-2-768x1152.jpg.webp\" alt=\"Chanteuse gospel interpr\u00e9tant un chant lors d\u2019une c\u00e9r\u00e9monie dans une \u00e9glise\" style=\"border-top-left-radius:25px;border-top-right-radius:25px;border-bottom-left-radius:25px;border-bottom-right-radius:25px;aspect-ratio:3\/4;object-fit:cover\"\/><\/figure>\n\n\n\n<h2 class=\"wp-block-heading\"><a href=\"https:\/\/makedamusic.fr\/funerailles\/groupes-musique-funerailles#groupes\">Amany Gospel<\/a><\/h2>\n\n\n\n<p>Qu\u2019il s\u2019agisse d\u2019un accompagnement discret pour une c\u00e9r\u00e9monie intime ou d\u2019une prestation plus \u00e9labor\u00e9e pour un hommage plus large, nous adaptons chaque moment \u00e0 vos souhaits pour un adieu digne et m\u00e9morable.<\/p>\n<\/div>\n\n\n\n<div class=\"wp-block-column is-style-default is-layout-flow wp-block-column-is-layout-flow\" style=\"border-style:none;border-width:0px;padding-top:0;padding-right:0;padding-bottom:0;padding-left:0\">\n<figure class=\"wp-block-image size-large has-custom-border is-style-shadow\"><img decoding=\"async\" src=\"https:\/\/makedamusic.fr\/funerailles\/wp-content\/uploads\/2026\/02\/JazzPearls-2.jpg.webp\" alt=\"Chanteuse et saxophoniste interpr\u00e9tant un morceau lors d\u2019une performance musicale\" style=\"border-top-left-radius:25px;border-top-right-radius:25px;border-bottom-left-radius:25px;border-bottom-right-radius:25px;aspect-ratio:3\/4;object-fit:cover\"\/><\/figure>\n\n\n\n<h2 class=\"wp-block-heading\"><a href=\"https:\/\/makedamusic.fr\/funerailles\/groupes-musique-funerailles#groupes\">Jazz Pearl&rsquo;s<\/a><\/h2>\n\n\n\n<p>Chaque prestation est con\u00e7ue pour cr\u00e9er une atmosph\u00e8re apaisante et chaleureuse, alternant des m\u00e9lodies douces et des nuances d\u00e9licates, afin d\u2019honorer dignement vos proches et d\u2019offrir un instant de s\u00e9r\u00e9nit\u00e9 aux participants.<\/p>\n<\/div>\n\n\n\n<div class=\"wp-block-column is-style-default is-layout-flow wp-block-column-is-layout-flow\" style=\"border-style:none;border-width:0px;padding-top:0;padding-right:0;padding-bottom:0;padding-left:0\">\n<figure class=\"wp-block-image size-large has-custom-border is-style-shadow\"><img decoding=\"async\" src=\"https:\/\/makedamusic.fr\/funerailles\/wp-content\/uploads\/2026\/02\/bave-pictures-v4f-0GX-ypc-unsplash-2-768x1152.jpg.webp\" alt=\"Portrait d\u2019une musicienne avec un violon devant son visage\" style=\"border-top-left-radius:25px;border-top-right-radius:25px;border-bottom-left-radius:25px;border-bottom-right-radius:25px;aspect-ratio:3\/4;object-fit:cover\"\/><\/figure>\n\n\n\n<h2 class=\"wp-block-heading\"><a href=\"https:\/\/makedamusic.fr\/funerailles\/groupes-musique-funerailles#groupes\">Lyrical Orchestra<\/a><\/h2>\n\n\n\n<p>Sp\u00e9cialis\u00e9 dans l\u2019interpr\u00e9tation des airs lyriques et classiques les plus touchants, notre quatuor \u00e0 cordes offre une atmosph\u00e8re apaisante et respectueuse, en harmonie avec la solennit\u00e9 des fun\u00e9railles et l\u2019hommage rendu aux \u00eatres chers.<\/p>\n<\/div>\n<\/div>\n\n\n\n<div style=\"height:100px\" aria-hidden=\"true\" class=\"wp-block-spacer\"><\/div>\n<\/div>\n<\/div>\n\n\n\n<div style=\"height:0px\" aria-hidden=\"true\" class=\"wp-block-spacer\"><\/div>\n\n\n\n<div class=\"wp-block-group has-global-padding is-layout-constrained wp-block-group-is-layout-constrained\">\n<div class=\"wp-block-group is-layout-flow wp-block-group-is-layout-flow\">\n<div style=\"height:100px\" aria-hidden=\"true\" class=\"wp-block-spacer\"><\/div>\n\n\n\n<p class=\"has-text-align-center has-primary-color has-text-color\">BLOG<\/p>\n\n\n\n<h2 class=\"wp-block-heading has-text-align-center has-max-48-font-size\"><strong>Trouver la r\u00e9ponse juste pour dire au revoir<\/strong><\/h2>\n\n\n\n<div style=\"height:81px\" aria-hidden=\"true\" class=\"wp-block-spacer\"><\/div>\n\n\n\n<div class=\"wp-block-query is-layout-flow wp-block-query-is-layout-flow\"><ul class=\"columns-2 wp-block-post-template is-layout-grid wp-container-core-post-template-is-layout-02493678 wp-block-post-template-is-layout-grid\"><li class=\"wp-block-post post-194 post type-post status-publish format-standard has-post-thumbnail hentry category-ceremonie\">\n<figure style=\"width:100%;height:340px;\" class=\"wp-block-post-featured-image\"><a href=\"https:\/\/makedamusic.fr\/funerailles\/ceremonie-hommage-personnalisation-sobre\/\" target=\"_self\"  style=\"height:340px\"><img decoding=\"async\" width=\"1920\" height=\"1275\" src=\"https:\/\/makedamusic.fr\/funerailles\/wp-content\/uploads\/2026\/03\/davide-ragusa-g32g_IBprFA-unsplash.jpg\" class=\"attachment-post-thumbnail size-post-thumbnail wp-post-image\" alt=\"C\u00e9r\u00e9monie et personnalisation : rendre l\u2019hommage plus juste\" style=\"border-radius:20px;height:340px;object-fit:cover;\" srcset=\"https:\/\/makedamusic.fr\/funerailles\/wp-content\/uploads\/2026\/03\/davide-ragusa-g32g_IBprFA-unsplash.jpg 1920w, https:\/\/makedamusic.fr\/funerailles\/wp-content\/uploads\/2026\/03\/davide-ragusa-g32g_IBprFA-unsplash-300x199.jpg 300w, https:\/\/makedamusic.fr\/funerailles\/wp-content\/uploads\/2026\/03\/davide-ragusa-g32g_IBprFA-unsplash-1024x680.jpg 1024w, https:\/\/makedamusic.fr\/funerailles\/wp-content\/uploads\/2026\/03\/davide-ragusa-g32g_IBprFA-unsplash-768x510.jpg 768w, https:\/\/makedamusic.fr\/funerailles\/wp-content\/uploads\/2026\/03\/davide-ragusa-g32g_IBprFA-unsplash-1536x1020.jpg 1536w\" sizes=\"(max-width: 1920px) 100vw, 1920px\" \/><\/a><\/figure>\n\n<div class=\"wp-block-post-date\"><time datetime=\"2026-03-07T09:36:27+00:00\">7 mars 2026<\/time><\/div>\n\n<h3 class=\"has-link-color wp-elements-94f09c3a75cf881ef28a0802209185ef wp-block-post-title has-text-color has-tertiary-color has-medium-font-size\"><a href=\"https:\/\/makedamusic.fr\/funerailles\/ceremonie-hommage-personnalisation-sobre\/\" target=\"_self\" >C\u00e9r\u00e9monie et personnalisation : rendre l\u2019hommage plus juste<\/a><\/h3>\n\n<div class=\"wp-block-post-excerpt\"><p class=\"wp-block-post-excerpt__excerpt\">Une c\u00e9r\u00e9monie n\u2019a pas besoin d\u2019\u00eatre compliqu\u00e9e pour \u00eatre belle. Ce guide propose des id\u00e9es simples pour cr\u00e9er un hommage fid\u00e8le \u00e0 la personne disparue. <\/p><\/div>\n\n<a class=\"wp-block-read-more\" href=\"https:\/\/makedamusic.fr\/funerailles\/ceremonie-hommage-personnalisation-sobre\/\" target=\"_self\">Lire la suite<span class=\"screen-reader-text\">\u00a0: C\u00e9r\u00e9monie et personnalisation : rendre l\u2019hommage plus juste<\/span><\/a>\n<\/li><li class=\"wp-block-post post-191 post type-post status-publish format-standard has-post-thumbnail hentry category-ceremonie\">\n<figure style=\"width:100%;height:340px;\" class=\"wp-block-post-featured-image\"><a href=\"https:\/\/makedamusic.fr\/funerailles\/respecter-volontes-defunt-eviter-conflits\/\" target=\"_self\"  style=\"height:340px\"><img loading=\"lazy\" decoding=\"async\" width=\"1920\" height=\"1280\" src=\"https:\/\/makedamusic.fr\/funerailles\/wp-content\/uploads\/2026\/03\/luigi-boccardo-OGSbrFW_dos-unsplash.jpg\" class=\"attachment-post-thumbnail size-post-thumbnail wp-post-image\" alt=\"Respecter les volont\u00e9s du d\u00e9funt : un rep\u00e8re pr\u00e9cieux pour les proches\" style=\"border-radius:20px;height:340px;object-fit:cover;\" srcset=\"https:\/\/makedamusic.fr\/funerailles\/wp-content\/uploads\/2026\/03\/luigi-boccardo-OGSbrFW_dos-unsplash.jpg 1920w, https:\/\/makedamusic.fr\/funerailles\/wp-content\/uploads\/2026\/03\/luigi-boccardo-OGSbrFW_dos-unsplash-300x200.jpg 300w, https:\/\/makedamusic.fr\/funerailles\/wp-content\/uploads\/2026\/03\/luigi-boccardo-OGSbrFW_dos-unsplash-1024x683.jpg 1024w, https:\/\/makedamusic.fr\/funerailles\/wp-content\/uploads\/2026\/03\/luigi-boccardo-OGSbrFW_dos-unsplash-768x512.jpg 768w, https:\/\/makedamusic.fr\/funerailles\/wp-content\/uploads\/2026\/03\/luigi-boccardo-OGSbrFW_dos-unsplash-1536x1024.jpg 1536w\" sizes=\"(max-width: 1920px) 100vw, 1920px\" \/><\/a><\/figure>\n\n<div class=\"wp-block-post-date\"><time datetime=\"2026-03-07T09:34:53+00:00\">7 mars 2026<\/time><\/div>\n\n<h3 class=\"has-link-color wp-elements-94f09c3a75cf881ef28a0802209185ef wp-block-post-title has-text-color has-tertiary-color has-medium-font-size\"><a href=\"https:\/\/makedamusic.fr\/funerailles\/respecter-volontes-defunt-eviter-conflits\/\" target=\"_self\" >Respecter les volont\u00e9s du d\u00e9funt : un rep\u00e8re pr\u00e9cieux pour les proches<\/a><\/h3>\n\n<div class=\"wp-block-post-excerpt\"><p class=\"wp-block-post-excerpt__excerpt\">Quand les volont\u00e9s d\u2019un proche sont connues, l\u2019organisation des obs\u00e8ques devient souvent un peu moins lourde. Ce guide aide \u00e0 les comprendre, les prioriser et les respecter avec justesse. <\/p><\/div>\n\n<a class=\"wp-block-read-more\" href=\"https:\/\/makedamusic.fr\/funerailles\/respecter-volontes-defunt-eviter-conflits\/\" target=\"_self\">Lire la suite<span class=\"screen-reader-text\">\u00a0: Respecter les volont\u00e9s du d\u00e9funt : un rep\u00e8re pr\u00e9cieux pour les proches<\/span><\/a>\n<\/li><\/ul>\n\n<\/div>\n\n\n\n<div style=\"height:81px\" aria-hidden=\"true\" class=\"wp-block-spacer\"><\/div>\n<\/div>\n<\/div>\n","protected":false},"excerpt":{"rendered":"<p>Musique pour fun\u00e9railles, obs\u00e8ques et cr\u00e9mation Makeda Music, expert en \u00e9v\u00e8nementiel musical, vous accompagne avec empathie et professionnalisme pour offrir un hommage musical personnalis\u00e9 et \u00e9mouvant lors des obs\u00e8ques de votre proche. En savoir plus \u2192 A PROPOS La partition du parcours fun\u00e9raire Avant de choisir les musiques pour un hommage fun\u00e8bre, il est important [&hellip;]<\/p>\n","protected":false},"author":1,"featured_media":0,"parent":0,"menu_order":0,"comment_status":"closed","ping_status":"closed","template":"no-title","meta":{"footnotes":""},"class_list":["post-31","page","type-page","status-publish","hentry"],"aioseo_notices":[],"_hostinger_reach_plugin_has_subscription_block":false,"_hostinger_reach_plugin_is_elementor":false,"_links":{"self":[{"href":"https:\/\/makedamusic.fr\/funerailles\/wp-json\/wp\/v2\/pages\/31","targetHints":{"allow":["GET"]}}],"collection":[{"href":"https:\/\/makedamusic.fr\/funerailles\/wp-json\/wp\/v2\/pages"}],"about":[{"href":"https:\/\/makedamusic.fr\/funerailles\/wp-json\/wp\/v2\/types\/page"}],"author":[{"embeddable":true,"href":"https:\/\/makedamusic.fr\/funerailles\/wp-json\/wp\/v2\/users\/1"}],"replies":[{"embeddable":true,"href":"https:\/\/makedamusic.fr\/funerailles\/wp-json\/wp\/v2\/comments?post=31"}],"version-history":[{"count":25,"href":"https:\/\/makedamusic.fr\/funerailles\/wp-json\/wp\/v2\/pages\/31\/revisions"}],"predecessor-version":[{"id":322,"href":"https:\/\/makedamusic.fr\/funerailles\/wp-json\/wp\/v2\/pages\/31\/revisions\/322"}],"wp:attachment":[{"href":"https:\/\/makedamusic.fr\/funerailles\/wp-json\/wp\/v2\/media?parent=31"}],"curies":[{"name":"wp","href":"https:\/\/api.w.org\/{rel}","templated":true}]}}