{"id":5206,"date":"2014-08-06T08:40:48","date_gmt":"2014-08-06T08:40:48","guid":{"rendered":"https:\/\/demo.wpzoom.com\/inspiro\/?page_id=5206"},"modified":"2026-03-08T20:12:15","modified_gmt":"2026-03-08T19:12:15","slug":"groupes-de-musique-pour-mariage-gospel-jazz-orchestre-dj","status":"publish","type":"page","link":"https:\/\/makedamusic.fr\/mariage\/groupes-de-musique-pour-mariage-gospel-jazz-orchestre-dj\/","title":{"rendered":"Nos groupes de musique pour mariage"},"content":{"rendered":"\n<div style=\"height:50px\" aria-hidden=\"true\" class=\"wp-block-spacer\"><\/div>\n\n\n\n<p class=\"has-text-align-center\" style=\"font-size:clamp(14px, 0.875rem + ((1vw - 3.2px) * 0.531), 20px);\">Cliquez sur le nom du groupe correspondant \u00e0 votre besoin, afin de d\u00e9couvrir des extraits vid\u00e9os et audio, et faire une demande de devis personnalis\u00e9.<\/p>\n\n\n\n<p class=\"has-text-align-center\" style=\"font-size:clamp(14px, 0.875rem + ((1vw - 3.2px) * 0.531), 20px);\">Laissez-nous cr\u00e9er la bande sonore parfaite afin de rendre votre \u00e9v\u00e8nement m\u00e9morable !<\/p>\n\n\n<div class=\"wpzoom-blocks wpzoom-blocks_portfolio-block wpzoom-portfolio-block-69d002c3ac6a2 use-lightbox layout-grid columns-3 post_type-portfolio_item category-57 category-42 category-43 ajax-load-items wp-block-wpzoom-blocks-portfolio\" data-offset=\"6\" data-load-more='{\"categories\":[\"57\",\"42\",\"43\"],\"class\":\"wpzoom-blocks_portfolio-block\",\"layout\":\"grid\",\"lightbox\":true,\"lightbox_caption\":false,\"order\":\"desc\",\"order_by\":\"menu_order date\",\"per_page\":6,\"read_more_label\":\"Read More\",\"show_author\":true,\"show_background_video\":true,\"show_date\":true,\"show_excerpt\":true,\"show_read_more\":true,\"show_thumbnail\":true,\"show_title\":false,\"source\":\"portfolio_item\",\"thumbnail_size\":\"portfolio_item-thumbnail\",\"total\":5}'><div class=\"wpzoom-blocks wpzoom-blocks_portfolio-block_filter\"><ul><li class=\"cat-item-all current-cat\">\n\t\t\t\t<a href=\"https:\/\/makedamusic.fr\/mariage\/project\/\" class=\"wpz-portfolio-filter_link\">All<\/a>\n\t\t\t<\/li>\t<li class=\"cat-item cat-item-57 cat-posts-total-4 wpz-block-button\"><a href=\"https:\/\/makedamusic.fr\/mariage\/portfolio\/ceremonie\/\" class=\"wpz-portfolio-filter__link\">C\u00e9r\u00e9monie<\/a>\n<\/li>\n\t<li class=\"cat-item cat-item-42 cat-posts-total-5 wpz-block-button\"><a href=\"https:\/\/makedamusic.fr\/mariage\/portfolio\/cocktail\/\" class=\"wpz-portfolio-filter__link\">Cocktail<\/a>\n<\/li>\n\t<li class=\"cat-item cat-item-43 cat-posts-total-3 wpz-block-button\"><a href=\"https:\/\/makedamusic.fr\/mariage\/portfolio\/diner\/\" class=\"wpz-portfolio-filter__link\">Diner<\/a>\n<\/li>\n<\/ul><\/div><ul class=\"wpzoom-blocks wpzoom-blocks_portfolio-block_items-list\"><li class='wpzoom-blocks_portfolio-block_item wpzoom-blocks_portfolio-block_item-6832 wpzoom-blocks_portfolio-block_category-40 wpzoom-blocks_portfolio-block_category-57 wpzoom-blocks_portfolio-block_category-42 wpzoom-blocks_portfolio-block_category-59 wpzoom-blocks_portfolio-block_category-46 wpzoom-blocks_portfolio-block_category-47 wpzoom-blocks_portfolio-block_category-58 wpzoom-blocks_portfolio-block_category-49 has-cover'  data-category='40'><article class='wpzoom-blocks_portfolio-block_item-wrap portfolio_item'><div class='wpzoom-blocks_portfolio-block_item-thumbnail'>\n\t\t\t\t\t\t<div class='wpzoom-blocks_portfolio-block_item-media'>\n\t\t\t\t\t\t\t<a href='https:\/\/makedamusic.fr\/mariage\/project\/amany-gospel-mariage-2\/' title='Amany' rel='bookmark'><img fetchpriority=\"high\" decoding=\"async\" width=\"600\" height=\"400\" src=\"https:\/\/makedamusic.fr\/mariage\/wp-content\/uploads\/2025\/02\/B046-600x400.jpg\" class=\"attachment-portfolio_item-thumbnail size-portfolio_item-thumbnail wp-post-image\" alt=\"Une chanteuse gospel en robe rose satin\u00e9e chante avec passion dans un micro, accompagn\u00e9e de choristes, lors d&#039;une c\u00e9r\u00e9monie dans une \u00e9glise richement d\u00e9cor\u00e9e.\" srcset=\"https:\/\/makedamusic.fr\/mariage\/wp-content\/uploads\/2025\/02\/B046-600x400.jpg 600w, https:\/\/makedamusic.fr\/mariage\/wp-content\/uploads\/2025\/02\/B046-1200x800.jpg 1200w\" sizes=\"100vw\" \/><\/a>\n\t\t\t\t\t\t<\/div><div class=\"portfolio-block-entry-thumbnail-popover-content\" data-show-caption=\"\"><a class=\"mfp-image portfolio-block-popup-video popup_image_icon\" href=\"https:\/\/makedamusic.fr\/mariage\/wp-content\/uploads\/2025\/02\/B046.jpg\" aria-label=\"Amany\"><span class='wpzoom-blocks_portfolio-block_lightbox_icon'>\n\t\t\t\t\t\t\t\t\t\t<svg enable-background='new 0 0 32 32' id='Layer_4' version='1.1' viewBox='0 0 32 32' xml:space='preserve' xmlns='http:\/\/www.w3.org\/2000\/svg' xmlns:xlink='http:\/\/www.w3.org\/1999\/xlink'>\n\t\t\t\t\t\t\t\t\t\t\t<g>\n\t\t\t\t\t\t\t\t\t\t\t\t<rect fill='none' height='30' stroke='#fff' stroke-linejoin='round' stroke-miterlimit='10' stroke-width='2' transform='matrix(6.123234e-17 -1 1 6.123234e-17 0 32)' width='30' x='1' y='1'\/>\n\t\t\t\t\t\t\t\t\t\t\t\t\t<line fill='none' stroke='#fff' stroke-linejoin='round' stroke-miterlimit='10' stroke-width='2' x1='27' x2='5' y1='5' y2='27'\/><polyline fill='none' points='16,27 5,27 5,16' stroke='#fff' stroke-linejoin='round' stroke-miterlimit='10' stroke-width='2'\/>\n\t\t\t\t\t\t\t\t\t\t\t\t\t<polyline fill='none' points='16,5 27,5 27,16' stroke='#fff' stroke-linejoin='round' stroke-miterlimit='10' stroke-width='2'\/>\n\t\t\t\t\t\t\t\t\t\t\t<\/g>\n\t\t\t\t\t\t\t\t\t\t<\/svg>\n\t\t\t\t\t\t\t\t\t<\/span><\/a><span class=\"portfolio_item-title\" style=\"display: none;\"><a href=\"https:\/\/makedamusic.fr\/mariage\/project\/amany-gospel-mariage-2\/\" title=\"Amany\">Amany<\/a><\/span><\/div><\/div><div class='wpzoom-blocks_portfolio-block_item-details'><h3 class='wpzoom-blocks_portfolio-block_item-title'><a href='https:\/\/makedamusic.fr\/mariage\/project\/amany-gospel-mariage-2\/' title='Amany' rel='bookmark'>Amany<\/a><\/h3><\/div><\/article><\/li><li class='wpzoom-blocks_portfolio-block_item wpzoom-blocks_portfolio-block_item-6831 wpzoom-blocks_portfolio-block_category-40 wpzoom-blocks_portfolio-block_category-57 wpzoom-blocks_portfolio-block_category-42 wpzoom-blocks_portfolio-block_category-59 wpzoom-blocks_portfolio-block_category-46 wpzoom-blocks_portfolio-block_category-47 wpzoom-blocks_portfolio-block_category-58 wpzoom-blocks_portfolio-block_category-49 has-cover'  data-category='40'><article class='wpzoom-blocks_portfolio-block_item-wrap portfolio_item'><div class='wpzoom-blocks_portfolio-block_item-thumbnail'>\n\t\t\t\t\t\t<div class='wpzoom-blocks_portfolio-block_item-media'>\n\t\t\t\t\t\t\t<a href='https:\/\/makedamusic.fr\/mariage\/project\/amany-neshama-mariage-juif\/' title='Amany Neshama' rel='bookmark'><img decoding=\"async\" width=\"600\" height=\"400\" src=\"https:\/\/makedamusic.fr\/mariage\/wp-content\/uploads\/2025\/02\/Amany-Neshama-Ceremonie-Juive-600x400.jpg\" class=\"attachment-portfolio_item-thumbnail size-portfolio_item-thumbnail wp-post-image\" alt=\"Des membres d&#039;une chorale gospel v\u00eatus de robes rouges et blanches chantent devant un public attentif dans une salle lumineuse avec un toit en bois.\" srcset=\"https:\/\/makedamusic.fr\/mariage\/wp-content\/uploads\/2025\/02\/Amany-Neshama-Ceremonie-Juive-600x400.jpg 600w, https:\/\/makedamusic.fr\/mariage\/wp-content\/uploads\/2025\/02\/Amany-Neshama-Ceremonie-Juive-300x200.jpg 300w, https:\/\/makedamusic.fr\/mariage\/wp-content\/uploads\/2025\/02\/Amany-Neshama-Ceremonie-Juive-1024x683.jpg 1024w, https:\/\/makedamusic.fr\/mariage\/wp-content\/uploads\/2025\/02\/Amany-Neshama-Ceremonie-Juive-1200x800.jpg 1200w, https:\/\/makedamusic.fr\/mariage\/wp-content\/uploads\/2025\/02\/Amany-Neshama-Ceremonie-Juive-1536x1024.jpg 1536w, https:\/\/makedamusic.fr\/mariage\/wp-content\/uploads\/2025\/02\/Amany-Neshama-Ceremonie-Juive.jpg 1920w\" sizes=\"100vw\" \/><\/a>\n\t\t\t\t\t\t<\/div><div class=\"portfolio-block-entry-thumbnail-popover-content\" data-show-caption=\"\"><a class=\"mfp-image portfolio-block-popup-video popup_image_icon\" href=\"https:\/\/makedamusic.fr\/mariage\/wp-content\/uploads\/2025\/02\/Amany-Neshama-Ceremonie-Juive.jpg\" aria-label=\"Amany Neshama\"><span class='wpzoom-blocks_portfolio-block_lightbox_icon'>\n\t\t\t\t\t\t\t\t\t\t<svg enable-background='new 0 0 32 32' id='Layer_4' version='1.1' viewBox='0 0 32 32' xml:space='preserve' xmlns='http:\/\/www.w3.org\/2000\/svg' xmlns:xlink='http:\/\/www.w3.org\/1999\/xlink'>\n\t\t\t\t\t\t\t\t\t\t\t<g>\n\t\t\t\t\t\t\t\t\t\t\t\t<rect fill='none' height='30' stroke='#fff' stroke-linejoin='round' stroke-miterlimit='10' stroke-width='2' transform='matrix(6.123234e-17 -1 1 6.123234e-17 0 32)' width='30' x='1' y='1'\/>\n\t\t\t\t\t\t\t\t\t\t\t\t\t<line fill='none' stroke='#fff' stroke-linejoin='round' stroke-miterlimit='10' stroke-width='2' x1='27' x2='5' y1='5' y2='27'\/><polyline fill='none' points='16,27 5,27 5,16' stroke='#fff' stroke-linejoin='round' stroke-miterlimit='10' stroke-width='2'\/>\n\t\t\t\t\t\t\t\t\t\t\t\t\t<polyline fill='none' points='16,5 27,5 27,16' stroke='#fff' stroke-linejoin='round' stroke-miterlimit='10' stroke-width='2'\/>\n\t\t\t\t\t\t\t\t\t\t\t<\/g>\n\t\t\t\t\t\t\t\t\t\t<\/svg>\n\t\t\t\t\t\t\t\t\t<\/span><\/a><span class=\"portfolio_item-title\" style=\"display: none;\"><a href=\"https:\/\/makedamusic.fr\/mariage\/project\/amany-neshama-mariage-juif\/\" title=\"Amany Neshama\">Amany Neshama<\/a><\/span><\/div><\/div><div class='wpzoom-blocks_portfolio-block_item-details'><h3 class='wpzoom-blocks_portfolio-block_item-title'><a href='https:\/\/makedamusic.fr\/mariage\/project\/amany-neshama-mariage-juif\/' title='Amany Neshama' rel='bookmark'>Amany Neshama<\/a><\/h3><\/div><\/article><\/li><li class='wpzoom-blocks_portfolio-block_item wpzoom-blocks_portfolio-block_item-6830 wpzoom-blocks_portfolio-block_category-40 wpzoom-blocks_portfolio-block_category-42 wpzoom-blocks_portfolio-block_category-43 wpzoom-blocks_portfolio-block_category-59 wpzoom-blocks_portfolio-block_category-46 wpzoom-blocks_portfolio-block_category-48 wpzoom-blocks_portfolio-block_category-49 has-cover'  data-category='40'><article class='wpzoom-blocks_portfolio-block_item-wrap portfolio_item'><div class='wpzoom-blocks_portfolio-block_item-thumbnail'>\n\t\t\t\t\t\t<div class='wpzoom-blocks_portfolio-block_item-media'>\n\t\t\t\t\t\t\t<a href='https:\/\/makedamusic.fr\/mariage\/project\/frans-orchestra\/' title='Fran&rsquo;s Orchestra' rel='bookmark'><img decoding=\"async\" width=\"600\" height=\"400\" src=\"https:\/\/makedamusic.fr\/mariage\/wp-content\/uploads\/2025\/02\/AFNOR-145-TUTTI-PROFIL--600x400.jpg\" class=\"attachment-portfolio_item-thumbnail size-portfolio_item-thumbnail wp-post-image\" alt=\"Un groupe de chanteurs et musiciens en pleine performance sur une sc\u00e8ne illumin\u00e9e. Un pianiste et un guitariste accompagnent les chanteurs, tandis qu\u2019un batteur et un percussionniste jouent en arri\u00e8re-plan.\" srcset=\"https:\/\/makedamusic.fr\/mariage\/wp-content\/uploads\/2025\/02\/AFNOR-145-TUTTI-PROFIL--600x400.jpg 600w, https:\/\/makedamusic.fr\/mariage\/wp-content\/uploads\/2025\/02\/AFNOR-145-TUTTI-PROFIL--1200x800.jpg 1200w\" sizes=\"100vw\" \/><\/a>\n\t\t\t\t\t\t<\/div><div class=\"portfolio-block-entry-thumbnail-popover-content\" data-show-caption=\"\"><a class=\"mfp-image portfolio-block-popup-video popup_image_icon\" href=\"https:\/\/makedamusic.fr\/mariage\/wp-content\/uploads\/2025\/02\/AFNOR-145-TUTTI-PROFIL-.jpg\" aria-label=\"Fran&rsquo;s Orchestra\"><span class='wpzoom-blocks_portfolio-block_lightbox_icon'>\n\t\t\t\t\t\t\t\t\t\t<svg enable-background='new 0 0 32 32' id='Layer_4' version='1.1' viewBox='0 0 32 32' xml:space='preserve' xmlns='http:\/\/www.w3.org\/2000\/svg' xmlns:xlink='http:\/\/www.w3.org\/1999\/xlink'>\n\t\t\t\t\t\t\t\t\t\t\t<g>\n\t\t\t\t\t\t\t\t\t\t\t\t<rect fill='none' height='30' stroke='#fff' stroke-linejoin='round' stroke-miterlimit='10' stroke-width='2' transform='matrix(6.123234e-17 -1 1 6.123234e-17 0 32)' width='30' x='1' y='1'\/>\n\t\t\t\t\t\t\t\t\t\t\t\t\t<line fill='none' stroke='#fff' stroke-linejoin='round' stroke-miterlimit='10' stroke-width='2' x1='27' x2='5' y1='5' y2='27'\/><polyline fill='none' points='16,27 5,27 5,16' stroke='#fff' stroke-linejoin='round' stroke-miterlimit='10' stroke-width='2'\/>\n\t\t\t\t\t\t\t\t\t\t\t\t\t<polyline fill='none' points='16,5 27,5 27,16' stroke='#fff' stroke-linejoin='round' stroke-miterlimit='10' stroke-width='2'\/>\n\t\t\t\t\t\t\t\t\t\t\t<\/g>\n\t\t\t\t\t\t\t\t\t\t<\/svg>\n\t\t\t\t\t\t\t\t\t<\/span><\/a><span class=\"portfolio_item-title\" style=\"display: none;\"><a href=\"https:\/\/makedamusic.fr\/mariage\/project\/frans-orchestra\/\" title=\"Fran&rsquo;s Orchestra\">Fran&rsquo;s Orchestra<\/a><\/span><\/div><\/div><div class='wpzoom-blocks_portfolio-block_item-details'><h3 class='wpzoom-blocks_portfolio-block_item-title'><a href='https:\/\/makedamusic.fr\/mariage\/project\/frans-orchestra\/' title='Fran&rsquo;s Orchestra' rel='bookmark'>Fran&rsquo;s Orchestra<\/a><\/h3><\/div><\/article><\/li><li class='wpzoom-blocks_portfolio-block_item wpzoom-blocks_portfolio-block_item-6838 wpzoom-blocks_portfolio-block_category-40 wpzoom-blocks_portfolio-block_category-57 wpzoom-blocks_portfolio-block_category-42 wpzoom-blocks_portfolio-block_category-43 wpzoom-blocks_portfolio-block_category-59 wpzoom-blocks_portfolio-block_category-46 wpzoom-blocks_portfolio-block_category-48 wpzoom-blocks_portfolio-block_category-49 has-cover'  data-category='40'><article class='wpzoom-blocks_portfolio-block_item-wrap portfolio_item'><div class='wpzoom-blocks_portfolio-block_item-thumbnail'>\n\t\t\t\t\t\t<div class='wpzoom-blocks_portfolio-block_item-media'>\n\t\t\t\t\t\t\t<a href='https:\/\/makedamusic.fr\/mariage\/project\/dj-live-mariage\/' title='Dj&rsquo;s &#038; Dj Live' rel='bookmark'><img loading=\"lazy\" decoding=\"async\" width=\"600\" height=\"400\" src=\"https:\/\/makedamusic.fr\/mariage\/wp-content\/uploads\/2025\/02\/Dj-Kadom-600x400.jpg\" class=\"attachment-portfolio_item-thumbnail size-portfolio_item-thumbnail wp-post-image\" alt=\"DJ concentr\u00e9 portant un casque audio et des lunettes, mixant de la musique sur sa console dans une ambiance sombre.\" sizes=\"100vw\" \/><\/a>\n\t\t\t\t\t\t<\/div><div class=\"portfolio-block-entry-thumbnail-popover-content\" data-show-caption=\"\"><a class=\"mfp-image portfolio-block-popup-video popup_image_icon\" href=\"https:\/\/makedamusic.fr\/mariage\/wp-content\/uploads\/2025\/02\/Dj-Kadom.jpg\" aria-label=\"Dj&rsquo;s &#038; Dj Live\"><span class='wpzoom-blocks_portfolio-block_lightbox_icon'>\n\t\t\t\t\t\t\t\t\t\t<svg enable-background='new 0 0 32 32' id='Layer_4' version='1.1' viewBox='0 0 32 32' xml:space='preserve' xmlns='http:\/\/www.w3.org\/2000\/svg' xmlns:xlink='http:\/\/www.w3.org\/1999\/xlink'>\n\t\t\t\t\t\t\t\t\t\t\t<g>\n\t\t\t\t\t\t\t\t\t\t\t\t<rect fill='none' height='30' stroke='#fff' stroke-linejoin='round' stroke-miterlimit='10' stroke-width='2' transform='matrix(6.123234e-17 -1 1 6.123234e-17 0 32)' width='30' x='1' y='1'\/>\n\t\t\t\t\t\t\t\t\t\t\t\t\t<line fill='none' stroke='#fff' stroke-linejoin='round' stroke-miterlimit='10' stroke-width='2' x1='27' x2='5' y1='5' y2='27'\/><polyline fill='none' points='16,27 5,27 5,16' stroke='#fff' stroke-linejoin='round' stroke-miterlimit='10' stroke-width='2'\/>\n\t\t\t\t\t\t\t\t\t\t\t\t\t<polyline fill='none' points='16,5 27,5 27,16' stroke='#fff' stroke-linejoin='round' stroke-miterlimit='10' stroke-width='2'\/>\n\t\t\t\t\t\t\t\t\t\t\t<\/g>\n\t\t\t\t\t\t\t\t\t\t<\/svg>\n\t\t\t\t\t\t\t\t\t<\/span><\/a><span class=\"portfolio_item-title\" style=\"display: none;\"><a href=\"https:\/\/makedamusic.fr\/mariage\/project\/dj-live-mariage\/\" title=\"Dj&rsquo;s &#038; Dj Live\">Dj&rsquo;s &#038; Dj Live<\/a><\/span><\/div><\/div><div class='wpzoom-blocks_portfolio-block_item-details'><h3 class='wpzoom-blocks_portfolio-block_item-title'><a href='https:\/\/makedamusic.fr\/mariage\/project\/dj-live-mariage\/' title='Dj&rsquo;s &#038; Dj Live' rel='bookmark'>Dj&rsquo;s &#038; Dj Live<\/a><\/h3><\/div><\/article><\/li><li class='wpzoom-blocks_portfolio-block_item wpzoom-blocks_portfolio-block_item-6833 wpzoom-blocks_portfolio-block_category-40 wpzoom-blocks_portfolio-block_category-57 wpzoom-blocks_portfolio-block_category-42 wpzoom-blocks_portfolio-block_category-43 wpzoom-blocks_portfolio-block_category-59 wpzoom-blocks_portfolio-block_category-46 wpzoom-blocks_portfolio-block_category-47 wpzoom-blocks_portfolio-block_category-58 wpzoom-blocks_portfolio-block_category-48 has-cover'  data-category='40'><article class='wpzoom-blocks_portfolio-block_item-wrap portfolio_item'><div class='wpzoom-blocks_portfolio-block_item-thumbnail'>\n\t\t\t\t\t\t<div class='wpzoom-blocks_portfolio-block_item-media'>\n\t\t\t\t\t\t\t<a href='https:\/\/makedamusic.fr\/mariage\/project\/jazz-pearls\/' title='Jazz Pearl&rsquo;s' rel='bookmark'><img loading=\"lazy\" decoding=\"async\" width=\"600\" height=\"400\" src=\"https:\/\/makedamusic.fr\/mariage\/wp-content\/uploads\/2025\/02\/photojazzpearls3-600x400.jpg\" class=\"attachment-portfolio_item-thumbnail size-portfolio_item-thumbnail wp-post-image\" alt=\"Groupe de musique live avec chanteuse, guitare, contrebasse, saxophone et batterie lors d\u2019un \u00e9v\u00e9nement en plein air.\" srcset=\"https:\/\/makedamusic.fr\/mariage\/wp-content\/uploads\/2025\/02\/photojazzpearls3-600x400.jpg 600w, https:\/\/makedamusic.fr\/mariage\/wp-content\/uploads\/2025\/02\/photojazzpearls3-1200x800.jpg 1200w\" sizes=\"100vw\" \/><\/a>\n\t\t\t\t\t\t<\/div><div class=\"portfolio-block-entry-thumbnail-popover-content\" data-show-caption=\"\"><a class=\"mfp-image portfolio-block-popup-video popup_image_icon\" href=\"https:\/\/makedamusic.fr\/mariage\/wp-content\/uploads\/2025\/02\/photojazzpearls3.jpg\" aria-label=\"Jazz Pearl&rsquo;s\"><span class='wpzoom-blocks_portfolio-block_lightbox_icon'>\n\t\t\t\t\t\t\t\t\t\t<svg enable-background='new 0 0 32 32' id='Layer_4' version='1.1' viewBox='0 0 32 32' xml:space='preserve' xmlns='http:\/\/www.w3.org\/2000\/svg' xmlns:xlink='http:\/\/www.w3.org\/1999\/xlink'>\n\t\t\t\t\t\t\t\t\t\t\t<g>\n\t\t\t\t\t\t\t\t\t\t\t\t<rect fill='none' height='30' stroke='#fff' stroke-linejoin='round' stroke-miterlimit='10' stroke-width='2' transform='matrix(6.123234e-17 -1 1 6.123234e-17 0 32)' width='30' x='1' y='1'\/>\n\t\t\t\t\t\t\t\t\t\t\t\t\t<line fill='none' stroke='#fff' stroke-linejoin='round' stroke-miterlimit='10' stroke-width='2' x1='27' x2='5' y1='5' y2='27'\/><polyline fill='none' points='16,27 5,27 5,16' stroke='#fff' stroke-linejoin='round' stroke-miterlimit='10' stroke-width='2'\/>\n\t\t\t\t\t\t\t\t\t\t\t\t\t<polyline fill='none' points='16,5 27,5 27,16' stroke='#fff' stroke-linejoin='round' stroke-miterlimit='10' stroke-width='2'\/>\n\t\t\t\t\t\t\t\t\t\t\t<\/g>\n\t\t\t\t\t\t\t\t\t\t<\/svg>\n\t\t\t\t\t\t\t\t\t<\/span><\/a><span class=\"portfolio_item-title\" style=\"display: none;\"><a href=\"https:\/\/makedamusic.fr\/mariage\/project\/jazz-pearls\/\" title=\"Jazz Pearl&rsquo;s\">Jazz Pearl&rsquo;s<\/a><\/span><\/div><\/div><div class='wpzoom-blocks_portfolio-block_item-details'><h3 class='wpzoom-blocks_portfolio-block_item-title'><a href='https:\/\/makedamusic.fr\/mariage\/project\/jazz-pearls\/' title='Jazz Pearl&rsquo;s' rel='bookmark'>Jazz Pearl&rsquo;s<\/a><\/h3><\/div><\/article><\/li><li class=\"wpzoom-preloader-container\"><div class=\"wpzoom-portfolio-preloader\"><svg  width=\"75\" version=\"1.1\" id=\"L4\" xmlns=\"http:\/\/www.w3.org\/2000\/svg\" xmlns:xlink=\"http:\/\/www.w3.org\/1999\/xlink\" x=\"0px\" y=\"0px\" viewBox=\"0 0 100 100\" enable-background=\"new 0 0 0 0\" xml:space=\"preserve\">\n\t\t  <circle fill=\"#000\" stroke=\"none\" cx=\"6\" cy=\"50\" r=\"6\"><animate attributeName=\"opacity\" dur=\"1s\" values=\"0;1;0\" repeatCount=\"indefinite\" begin=\"0.1\"\/><\/circle>\n\t\t  <circle fill=\"#000\" stroke=\"none\" cx=\"26\" cy=\"50\" r=\"6\"><animate attributeName=\"opacity\" dur=\"1s\" values=\"0;1;0\" repeatCount=\"indefinite\" begin=\"0.2\"\/><\/circle>\n\t\t  <circle fill=\"#000\" stroke=\"none\" cx=\"46\" cy=\"50\" r=\"6\"><animate attributeName=\"opacity\" dur=\"1s\" values=\"0;1;0\" repeatCount=\"indefinite\" begin=\"0.3\"\/><\/circle>\n\t\t<\/svg><\/div><\/li><\/ul><\/div><!--.wpzoom-blocks wpzoom-blocks_portfolio-block--><style>.wpzoom-blocks_portfolio-block.wpzoom-portfolio-block-69d002c3ac6a2 {}.wpzoom-blocks_portfolio-block.wpzoom-portfolio-block-69d002c3ac6a2 { color:#000}.wpzoom-blocks_portfolio-block.wpzoom-portfolio-block-69d002c3ac6a2 .wpzoom-blocks_portfolio-block_filter ul li a,\n\t\t\t.wpzoom-blocks_portfolio-block.wpzoom-portfolio-block-69d002c3ac6a2.layout-list .wpzoom-blocks_portfolio-block_items-list .wpzoom-blocks_portfolio-block_item .wpzoom-blocks_portfolio-block_item-title a {\n\t\t\t\tcolor:#000;\n\t\t\t}.wpzoom-blocks_portfolio-block.wpzoom-portfolio-block-69d002c3ac6a2 .wpzoom-blocks_portfolio-block_filter ul li a:hover,\n\t\t\t\t.wpzoom-blocks_portfolio-block.wpzoom-portfolio-block-69d002c3ac6a2 .wpzoom-blocks_portfolio-block_filter ul li.current-cat a:hover,\n\t\t\t\t.wpzoom-blocks_portfolio-.wpzoom-portfolio-block-69d002c3ac6a2.layout-list .wpzoom-blocks_portfolio-block_items-list .wpzoom-blocks_portfolio-block_item .wpzoom-blocks_portfolio-block_item-title a:hover {\n\t\t\t\t\tcolor:#0BB4AA;\n\t\t\t\t}.wpzoom-blocks_portfolio-block.wpzoom-portfolio-block-69d002c3ac6a2 .wpzoom-blocks_portfolio-block_filter ul li.current-cat a { color:#0BB4AA; }.wpzoom-blocks_portfolio-block.wpzoom-portfolio-block-69d002c3ac6a2 .wpzoom-blocks_portfolio-block_filter ul li a {font-weight: 400 !important;letter-spacing: 1px;}.wpzoom-blocks_portfolio-block.wpzoom-portfolio-block-69d002c3ac6a2 .wpzoom-blocks_portfolio-block_item-details .wpzoom-blocks_portfolio-block_item-title a {line-height: 1.2;font-weight: 500 !important;letter-spacing: 1px;}.wpzoom-blocks_portfolio-block.wpzoom-portfolio-block-69d002c3ac6a2 .wpz-portfolio-button__link {letter-spacing: 1px;border-style:solid;border-width:0px;}.wpzoom-blocks_portfolio-block.wpzoom-portfolio-block-69d002c3ac6a2 .wpzoom-blocks_portfolio-block_items-list { grid-gap:5px; }.wpzoom-blocks_portfolio-block.wpzoom-portfolio-block-69d002c3ac6a2.layout-masonry.columns-3 .wpzoom-blocks_portfolio-block_items-list .wpzoom-blocks_portfolio-block_item { width: calc(33.333% - 5px); margin:0 5px 5px 0}<\/style>","protected":false},"excerpt":{"rendered":"<p>Cliquez sur le nom du groupe correspondant \u00e0 votre besoin, afin de d\u00e9couvrir des extraits vid\u00e9os et audio, et faire une demande de devis personnalis\u00e9. Laissez-nous cr\u00e9er la bande sonore parfaite afin de rendre votre \u00e9v\u00e8nement m\u00e9morable !<\/p>\n","protected":false},"author":1,"featured_media":7610,"parent":0,"menu_order":0,"comment_status":"closed","ping_status":"closed","template":"elementor_theme","meta":{"inspiro_hide_title":false,"footnotes":""},"class_list":["post-5206","page","type-page","status-publish","has-post-thumbnail","hentry"],"aioseo_notices":[],"featured_media_urls":{"thumbnail":["https:\/\/makedamusic.fr\/mariage\/wp-content\/uploads\/2025\/02\/visu_nana-150x150.jpg",150,150,true],"medium":["https:\/\/makedamusic.fr\/mariage\/wp-content\/uploads\/2025\/02\/visu_nana-300x207.jpg",300,207,true],"medium_large":["https:\/\/makedamusic.fr\/mariage\/wp-content\/uploads\/2025\/02\/visu_nana.jpg",768,530,false],"large":["https:\/\/makedamusic.fr\/mariage\/wp-content\/uploads\/2025\/02\/visu_nana-1024x706.jpg",950,655,true],"1536x1536":["https:\/\/makedamusic.fr\/mariage\/wp-content\/uploads\/2025\/02\/visu_nana.jpg",1280,883,false],"2048x2048":["https:\/\/makedamusic.fr\/mariage\/wp-content\/uploads\/2025\/02\/visu_nana.jpg",1280,883,false],"inspiro-featured-image":["https:\/\/makedamusic.fr\/mariage\/wp-content\/uploads\/2025\/02\/visu_nana.jpg",1280,883,false],"inspiro-loop":["https:\/\/makedamusic.fr\/mariage\/wp-content\/uploads\/2025\/02\/visu_nana-950x320.jpg",950,320,true],"inspiro-loop@2x":["https:\/\/makedamusic.fr\/mariage\/wp-content\/uploads\/2025\/02\/visu_nana-1280x640.jpg",1280,640,true],"portfolio_item-thumbnail":["https:\/\/makedamusic.fr\/mariage\/wp-content\/uploads\/2025\/02\/visu_nana-600x400.jpg",600,400,true],"portfolio_item-thumbnail@2x":["https:\/\/makedamusic.fr\/mariage\/wp-content\/uploads\/2025\/02\/visu_nana-1200x800.jpg",1200,800,true],"portfolio_item-masonry":["https:\/\/makedamusic.fr\/mariage\/wp-content\/uploads\/2025\/02\/visu_nana-600x414.jpg",600,414,true],"portfolio_item-masonry@2x":["https:\/\/makedamusic.fr\/mariage\/wp-content\/uploads\/2025\/02\/visu_nana-1200x828.jpg",1200,828,true],"portfolio_item-thumbnail_cinema":["https:\/\/makedamusic.fr\/mariage\/wp-content\/uploads\/2025\/02\/visu_nana-800x335.jpg",800,335,true],"portfolio_item-thumbnail_portrait":["https:\/\/makedamusic.fr\/mariage\/wp-content\/uploads\/2025\/02\/visu_nana-600x883.jpg",600,883,true],"portfolio_item-thumbnail_portrait@2x":["https:\/\/makedamusic.fr\/mariage\/wp-content\/uploads\/2025\/02\/visu_nana-1200x883.jpg",1200,883,true],"portfolio_item-thumbnail_square":["https:\/\/makedamusic.fr\/mariage\/wp-content\/uploads\/2025\/02\/visu_nana-800x800.jpg",800,800,true]},"_links":{"self":[{"href":"https:\/\/makedamusic.fr\/mariage\/wp-json\/wp\/v2\/pages\/5206","targetHints":{"allow":["GET"]}}],"collection":[{"href":"https:\/\/makedamusic.fr\/mariage\/wp-json\/wp\/v2\/pages"}],"about":[{"href":"https:\/\/makedamusic.fr\/mariage\/wp-json\/wp\/v2\/types\/page"}],"author":[{"embeddable":true,"href":"https:\/\/makedamusic.fr\/mariage\/wp-json\/wp\/v2\/users\/1"}],"replies":[{"embeddable":true,"href":"https:\/\/makedamusic.fr\/mariage\/wp-json\/wp\/v2\/comments?post=5206"}],"version-history":[{"count":19,"href":"https:\/\/makedamusic.fr\/mariage\/wp-json\/wp\/v2\/pages\/5206\/revisions"}],"predecessor-version":[{"id":7925,"href":"https:\/\/makedamusic.fr\/mariage\/wp-json\/wp\/v2\/pages\/5206\/revisions\/7925"}],"wp:featuredmedia":[{"embeddable":true,"href":"https:\/\/makedamusic.fr\/mariage\/wp-json\/wp\/v2\/media\/7610"}],"wp:attachment":[{"href":"https:\/\/makedamusic.fr\/mariage\/wp-json\/wp\/v2\/media?parent=5206"}],"curies":[{"name":"wp","href":"https:\/\/api.w.org\/{rel}","templated":true}]}}